{"id":96,"date":"2016-12-28T18:04:40","date_gmt":"2016-12-28T17:04:40","guid":{"rendered":"https:\/\/cergy-pontoise.iledeloisirs.fr\/boutique\/?page_id=96"},"modified":"2017-11-03T10:32:53","modified_gmt":"2017-11-03T09:32:53","slug":"faq","status":"publish","type":"page","link":"https:\/\/cergy-pontoise.iledeloisirs.fr\/boutique\/faq\/","title":{"rendered":"FAQ"},"content":{"rendered":"<p>[vc_row][vc_column][vc_empty_space][\/vc_column][\/vc_row][vc_row][vc_column width=&#8221;1\/3&#8243;][vc_custom_heading text=&#8221;Vos questions&#8221; google_fonts=&#8221;font_family:Raleway%3A100%2C200%2C300%2Cregular%2C500%2C600%2C700%2C800%2C900|font_style:800%20bold%20regular%3A800%3Anormal&#8221;][\/vc_column][vc_column width=&#8221;2\/3&#8243;][vc_toggle title=&#8221;Les activit\u00e9s sont-elles maintenues en cas de pluie?&#8221;]Les activit\u00e9s sont maintenues en cas de mauvais temps, elles restent praticables et ludiques\u00a0!<\/p>\n<p>S\u2019il fait froid les combinaisons sont fournies sans surco\u00fbt.<\/p>\n<p>En cas d\u2019orage violent ou de conditions climatiques qui peuvent entra\u00eener un danger sur l\u2019activit\u00e9, l\u2019activit\u00e9 peut \u00eatre suspendue. Rassurez-vous, les orages passent et vous pourrez reprendre bien vite votre session\u00a0!\u00a0J[\/vc_toggle][vc_toggle title=&#8221;Quelles activit\u00e9s puis-je r\u00e9server en ligne?&#8221; el_id=&#8221;1483617956399-ae69e6fc-f706&#8243;]Les activit\u00e9s que vous pouvez r\u00e9server en ligne sont les suivantes\u00a0:<\/p>\n<ul>\n<li>Rafting<\/li>\n<li>T\u00e9l\u00e9ski nautique<\/li>\n<li>Vague \u00e0 surf<\/li>\n<\/ul>\n<p>[\/vc_toggle][vc_toggle title=&#8221;Comment choisir ma date et mon cr\u00e9neau horaire?&#8221; el_id=&#8221;1483617967558-b54ae93a-1a66&#8243;]Sur le calendrier, les dates disponibles sont en gras.<\/p>\n<ul>\n<li>Une fois le jour s\u00e9lectionn\u00e9, il vous sera propos\u00e9 les cr\u00e9neaux disponibles avec le nombre de places restantes<\/li>\n<li>Lorsque vous aurez choisi l\u2019horaire de votre session, vous pourrez s\u00e9lectionner le nombre de participants<\/li>\n<li>Il faudra ensuite aller sur votre \u00ab\u00a0panier\u00a0\u00bb pour finaliser votre commande<\/li>\n<li>Vous recevrez un mail vous confirmant votre r\u00e9servation<\/li>\n<\/ul>\n<p>[\/vc_toggle][vc_toggle title=&#8221;Quelles sont les conditions de remboursement?&#8221; el_id=&#8221;1483617967170-1f26ba45-e901&#8243;]En cas d\u2019annulation partielle ou totale d\u2019une r\u00e9servation, l\u2019Ile de loisirs de Cergy-Pontoise conservera la somme totale vers\u00e9e par le client.<\/p>\n<p>Nous sommes contraints d\u2019appliquer les conditions g\u00e9n\u00e9rales de ventes sur lesquelles vous vous \u00eates engag\u00e9. Il n\u2019y a pas de remboursement en cas d\u2019annulation.<\/p>\n<p>Le droit de r\u00e9tractation ne s\u2019applique pas dans certains secteurs d\u2019activit\u00e9s, notamment pour des\u00a0prestations de services d&#8217;h\u00e9bergement, de transport, de restauration, de loisirs\u00a0fournies \u00e0 une date ou selon une p\u00e9riodicit\u00e9 d\u00e9termin\u00e9e (billet de train, de spectacle, voyage \u00e0 forfait, location d&#8217;h\u00f4tel&#8230;). Nous nous trouvons dans ce cas.[\/vc_toggle][vc_toggle title=&#8221;Quand la date est gris\u00e9e cela signifie-t-il qu&#8217;il n&#8217;y a pas de cr\u00e9neau sur cette date?&#8221; el_id=&#8221;1483617966998-cb4b934e-f8ae&#8221;]Si la date choisie est gris\u00e9e cela signifie qu\u2019il n\u2019y a pas ou plus de cr\u00e9neau propos\u00e9.<\/p>\n<p>Les seuls cr\u00e9neaux disponibles sont en gras sur le calendrier.[\/vc_toggle][vc_toggle title=&#8221;Est-il possible de d\u00e9placer l\u2019horaire de ma r\u00e9servation apr\u00e8s l\u2019achat? Que faire si j&#8217;ai du retard?&#8221;]Aucune modification ne pourra \u00eatre prise en compte suite \u00e0 un achat en ligne (date, heure, prix, nombre de personnes.)[\/vc_toggle][vc_toggle title=&#8221;Puis-je changer la date de ma r\u00e9servation?&#8221;]Aucune modification ne pourra \u00eatre prise en compte suite \u00e0 un achat en ligne (date, heure, prix, nombre de personnes.)[\/vc_toggle][vc_toggle title=&#8221;Y a-t-il un d\u00e9lai de r\u00e9tractation ?&#8221;]Le droit de r\u00e9tractation ne s\u2019applique pas dans certains secteurs d\u2019activit\u00e9s, notamment pour des\u00a0prestations de services d&#8217;h\u00e9bergement, de transport, de restauration, de loisirs\u00a0fournies \u00e0 une date ou selon une p\u00e9riodicit\u00e9 d\u00e9termin\u00e9e (billet de train, de spectacle, voyage \u00e0 forfait, location d&#8217;h\u00f4tel&#8230;). Nous nous trouvons dans ce cas.[\/vc_toggle][vc_toggle title=&#8221;Je veux annuler, qui dois-je pr\u00e9venir?&#8221;]Nous ne proc\u00e9dons pas au remboursement en cas d\u2019annulation, cependant si vous souhaitez proc\u00e9der \u00e0 l\u2019annulation de votre r\u00e9servation, vous pouvez envoyer un mail \u00e0 <a href=\"mailto:contact@cergy-pontoise.iledeloisirs.fr\">contact@cergy-pontoise.iledeloisirs.fr<\/a>[\/vc_toggle][vc_toggle title=&#8221;Pour combien de personnes puis-je r\u00e9server au maximum? &#8220;]Vous pouvez r\u00e9server le nombre maximum de places encore disponibles sur le cr\u00e9neau.<\/p>\n<p>Ce nombre est vous est indiqu\u00e9 lorsque vous s\u00e9lectionnez la date puis le cr\u00e9neau horaire.[\/vc_toggle][vc_toggle title=&#8221;Une personne s&#8217;est ajout\u00e9e \u00e0 mon groupe puis-je le rajouter \u00e0 ma r\u00e9servation?&#8221;]Vous pouvez ajouter les nouvelles personnes \u00e0 votre groupe en effectuant une nouvelle r\u00e9servation.<\/p>\n<p>Deux groupes qui ont des r\u00e9servations distinctes peuvent pratiquer l\u2019activit\u00e9 ensemble \u00a0sur le m\u00eame cr\u00e9neau horaire.[\/vc_toggle][\/vc_column][\/vc_row][vc_row][vc_column width=&#8221;1\/3&#8243;][vc_custom_heading text=&#8221;Les paiements&#8221; google_fonts=&#8221;font_family:Raleway%3A100%2C200%2C300%2Cregular%2C500%2C600%2C700%2C800%2C900|font_style:800%20bold%20regular%3A800%3Anormal&#8221;][\/vc_column][\/vc_row][vc_row][vc_column][vc_empty_space][\/vc_column][\/vc_row]<\/p>\n","protected":false},"excerpt":{"rendered":"<p>[vc_row][vc_column][vc_empty_space][\/vc_column][\/vc_row][vc_row][vc_column width=&#8221;1\/3&#8243;][vc_custom_heading text=&#8221;Vos questions&#8221; google_fonts=&#8221;font_family:Raleway%3A100%2C200%2C300%2Cregular%2C500%2C600%2C700%2C800%2C900|font_style:800%20bold%20regular%3A800%3Anormal&#8221;][\/vc_column][vc_column width=&#8221;2\/3&#8243;][vc_toggle title=&#8221;Les activit\u00e9s sont-elles maintenues en cas de pluie?&#8221;]Les activit\u00e9s sont maintenues en cas de mauvais temps, elles restent praticables et<span class=\"excerpt-hellip\"> [\u2026]<\/span><\/p>\n","protected":false},"author":1,"featured_media":0,"parent":0,"menu_order":0,"comment_status":"closed","ping_status":"closed","template":"","meta":{"footnotes":""},"class_list":["post-96","page","type-page","status-publish","hentry"],"_links":{"self":[{"href":"https:\/\/cergy-pontoise.iledeloisirs.fr\/boutique\/wp-json\/wp\/v2\/pages\/96","targetHints":{"allow":["GET"]}}],"collection":[{"href":"https:\/\/cergy-pontoise.iledeloisirs.fr\/boutique\/wp-json\/wp\/v2\/pages"}],"about":[{"href":"https:\/\/cergy-pontoise.iledeloisirs.fr\/boutique\/wp-json\/wp\/v2\/types\/page"}],"author":[{"embeddable":true,"href":"https:\/\/cergy-pontoise.iledeloisirs.fr\/boutique\/wp-json\/wp\/v2\/users\/1"}],"replies":[{"embeddable":true,"href":"https:\/\/cergy-pontoise.iledeloisirs.fr\/boutique\/wp-json\/wp\/v2\/comments?post=96"}],"version-history":[{"count":17,"href":"https:\/\/cergy-pontoise.iledeloisirs.fr\/boutique\/wp-json\/wp\/v2\/pages\/96\/revisions"}],"predecessor-version":[{"id":3173,"href":"https:\/\/cergy-pontoise.iledeloisirs.fr\/boutique\/wp-json\/wp\/v2\/pages\/96\/revisions\/3173"}],"wp:attachment":[{"href":"https:\/\/cergy-pontoise.iledeloisirs.fr\/boutique\/wp-json\/wp\/v2\/media?parent=96"}],"curies":[{"name":"wp","href":"https:\/\/api.w.org\/{rel}","templated":true}]}}