{"id":124407,"date":"2025-01-28T10:35:48","date_gmt":"2025-01-28T09:35:48","guid":{"rendered":"https:\/\/cergy-pontoise.iledeloisirs.fr\/boutique\/?post_type=product&#038;p=124407"},"modified":"2026-04-29T15:28:31","modified_gmt":"2026-04-29T13:28:31","slug":"bodyboard-45-minutes-semaine","status":"publish","type":"product","link":"https:\/\/cergy-pontoise.iledeloisirs.fr\/boutique\/produit\/bodyboard-45-minutes-semaine\/","title":{"rendered":"Bodyboard 45 minutes &#8211; Semaine"},"content":{"rendered":"<ul>\n<li style=\"list-style-type: none\">\n<ul>\n<li>Cr\u00e9neaux de <strong>45 minutes<\/strong> briefing compris.<\/li>\n<li><strong>Tarif<\/strong> : 16\u20ac\/personne<\/li>\n<li>Fermeture des ventes sur la boutique 4h avant le d\u00e9but de l&#8217;activit\u00e9. Les achats sur place restent possibles.<\/li>\n<li><strong>Conditions d&#8217;acc\u00e8s particuli\u00e8re:<\/strong><\/li>\n<\/ul>\n<p>Port du casque obligatoire ! (Fournis).<br \/>\n<strong>Conditions \u00e0 valider\u00a0:<\/strong><\/p>\n<ol>\n<li>J\u2019ai 8 ans ou plus<\/li>\n<\/ol>\n<p>Activit\u00e9 fortement d\u00e9conseill\u00e9e aux femmes enceintes.<\/li>\n<\/ul>\n","protected":false},"excerpt":{"rendered":"<p><strong>Plaisir et sensations !<\/strong><\/p>\n<p>Venez tenter l&#8217;exp\u00e9rience du bodyboard !<\/p>\n<p>Le principe est simple : un liner inclin\u00e9 en forme de toboggan sur lequel est projet\u00e9e de l\u2019eau \u00e0 forte puissance, cela cr\u00e9e une vague statique sur laquelle on peut \u00e9voluer et m\u00eame faire des figures.<\/p>\n<p>La pratique du bodyboard est particuli\u00e8rement conseill\u00e9e aux d\u00e9butants et aux confirm\u00e9s.<\/p>\n<p>L&#8217;activit\u00e9 est accessible \u00e0 tous, tout en procurant un maximum de sensations!<\/p>\n<p>Tenue autoris\u00e9e : maillot de bain ou combinaison n\u00e9opr\u00e8ne.<\/p>\n<p><strong>Pendant les week-ends et les jours f\u00e9ri\u00e9s du mois de mai, les r\u00e9servations se font uniquement sur place.<\/strong><\/p>\n","protected":false},"featured_media":7215,"comment_status":"open","ping_status":"closed","template":"","meta":[],"product_brand":[],"product_cat":[10],"product_tag":[],"class_list":{"0":"post-124407","1":"product","2":"type-product","3":"status-publish","4":"has-post-thumbnail","6":"product_cat-vague-surf","8":"first","9":"instock","10":"virtual","11":"taxable","12":"purchasable","13":"product-type-appointment"},"_links":{"self":[{"href":"https:\/\/cergy-pontoise.iledeloisirs.fr\/boutique\/wp-json\/wp\/v2\/product\/124407","targetHints":{"allow":["GET"]}}],"collection":[{"href":"https:\/\/cergy-pontoise.iledeloisirs.fr\/boutique\/wp-json\/wp\/v2\/product"}],"about":[{"href":"https:\/\/cergy-pontoise.iledeloisirs.fr\/boutique\/wp-json\/wp\/v2\/types\/product"}],"replies":[{"embeddable":true,"href":"https:\/\/cergy-pontoise.iledeloisirs.fr\/boutique\/wp-json\/wp\/v2\/comments?post=124407"}],"wp:featuredmedia":[{"embeddable":true,"href":"https:\/\/cergy-pontoise.iledeloisirs.fr\/boutique\/wp-json\/wp\/v2\/media\/7215"}],"wp:attachment":[{"href":"https:\/\/cergy-pontoise.iledeloisirs.fr\/boutique\/wp-json\/wp\/v2\/media?parent=124407"}],"wp:term":[{"taxonomy":"product_brand","embeddable":true,"href":"https:\/\/cergy-pontoise.iledeloisirs.fr\/boutique\/wp-json\/wp\/v2\/product_brand?post=124407"},{"taxonomy":"product_cat","embeddable":true,"href":"https:\/\/cergy-pontoise.iledeloisirs.fr\/boutique\/wp-json\/wp\/v2\/product_cat?post=124407"},{"taxonomy":"product_tag","embeddable":true,"href":"https:\/\/cergy-pontoise.iledeloisirs.fr\/boutique\/wp-json\/wp\/v2\/product_tag?post=124407"}],"curies":[{"name":"wp","href":"https:\/\/api.w.org\/{rel}","templated":true}]}}