{"id":124624,"date":"2025-02-03T17:57:36","date_gmt":"2025-02-03T16:57:36","guid":{"rendered":"https:\/\/cergy-pontoise.iledeloisirs.fr\/boutique\/?post_type=product&#038;p=124624"},"modified":"2025-09-09T15:07:48","modified_gmt":"2025-09-09T13:07:48","slug":"carte20h","status":"publish","type":"product","link":"https:\/\/cergy-pontoise.iledeloisirs.fr\/boutique\/produit\/carte20h\/","title":{"rendered":"Carte 20h pour publics autonomes"},"content":{"rendered":"<p><span style=\"text-decoration: underline\"><strong>Conditions \u00e0 valider :<\/strong><\/span><\/p>\n<ol>\n<li>Je maitrise stop, bac, reprise et esquimautage.<\/li>\n<li>Mon mat\u00e9riel (kayak et \u00e9quipements de s\u00e9curit\u00e9) est conforme au Code du Sport.<\/li>\n<li>\u00catre majeur (les mineurs doivent \u00eatre encadr\u00e9s par un majeur sur l&#8217;eau).<\/li>\n<\/ol>\n<p>&nbsp;<\/p>\n","protected":false},"excerpt":{"rendered":"<p>La carte 20h permet \u00e0 son d\u00e9tenteur d&#8217;acc\u00e9der \u00e0 20 sessions d&#8217;une heure sur le stade d&#8217;eau vive, durant les ouvertures publiques, les cr\u00e9neaux encadr\u00e9s et les cr\u00e9neaux partag\u00e9s.<\/p>\n<p>Les cr\u00e9neaux publiques sont disponibles <a href=\"https:\/\/cergy-pontoise.iledeloisirs.fr\/boutique\/produit\/rafting-grand-public\/\">sur cette page<\/a><\/p>\n<p>Les cr\u00e9neaux sur les groupes de raft encadr\u00e9s sont visibles <a href=\"https:\/\/smeag95-my.sharepoint.com\/:x:\/g\/personal\/eauvive_basedeloisirs95_com\/EdOGgCe6P05MiE4Lpj6uBPQBkcOHf_cvSMFVn3tVw3KCLA?e=zExkDD\">ici<\/a><\/p>\n","protected":false},"featured_media":135222,"comment_status":"closed","ping_status":"closed","template":"","meta":[],"product_brand":[],"product_cat":[51],"product_tag":[],"class_list":{"0":"post-124624","1":"product","2":"type-product","3":"status-publish","4":"has-post-thumbnail","6":"product_cat-kayakistes","8":"first","9":"instock","10":"virtual","11":"taxable","12":"purchasable","13":"product-type-simple"},"_links":{"self":[{"href":"https:\/\/cergy-pontoise.iledeloisirs.fr\/boutique\/wp-json\/wp\/v2\/product\/124624","targetHints":{"allow":["GET"]}}],"collection":[{"href":"https:\/\/cergy-pontoise.iledeloisirs.fr\/boutique\/wp-json\/wp\/v2\/product"}],"about":[{"href":"https:\/\/cergy-pontoise.iledeloisirs.fr\/boutique\/wp-json\/wp\/v2\/types\/product"}],"replies":[{"embeddable":true,"href":"https:\/\/cergy-pontoise.iledeloisirs.fr\/boutique\/wp-json\/wp\/v2\/comments?post=124624"}],"wp:featuredmedia":[{"embeddable":true,"href":"https:\/\/cergy-pontoise.iledeloisirs.fr\/boutique\/wp-json\/wp\/v2\/media\/135222"}],"wp:attachment":[{"href":"https:\/\/cergy-pontoise.iledeloisirs.fr\/boutique\/wp-json\/wp\/v2\/media?parent=124624"}],"wp:term":[{"taxonomy":"product_brand","embeddable":true,"href":"https:\/\/cergy-pontoise.iledeloisirs.fr\/boutique\/wp-json\/wp\/v2\/product_brand?post=124624"},{"taxonomy":"product_cat","embeddable":true,"href":"https:\/\/cergy-pontoise.iledeloisirs.fr\/boutique\/wp-json\/wp\/v2\/product_cat?post=124624"},{"taxonomy":"product_tag","embeddable":true,"href":"https:\/\/cergy-pontoise.iledeloisirs.fr\/boutique\/wp-json\/wp\/v2\/product_tag?post=124624"}],"curies":[{"name":"wp","href":"https:\/\/api.w.org\/{rel}","templated":true}]}}