{"id":124626,"date":"2025-02-03T18:20:58","date_gmt":"2025-02-03T17:20:58","guid":{"rendered":"https:\/\/cergy-pontoise.iledeloisirs.fr\/boutique\/?post_type=product&#038;p=124626"},"modified":"2025-09-09T15:07:32","modified_gmt":"2025-09-09T13:07:32","slug":"kayakistes-individuel-acces-stade-deau-vive-1h","status":"publish","type":"product","link":"https:\/\/cergy-pontoise.iledeloisirs.fr\/boutique\/produit\/kayakistes-individuel-acces-stade-deau-vive-1h\/","title":{"rendered":"Kayakistes Individuels &#8211; Acc\u00e8s Stade d&#8217;Eau Vive 1h"},"content":{"rendered":"<p><strong>Venez pagayez avec votre mat\u00e9riel sur le stade d&#8217;eau vive !<br \/>\n<\/strong><\/p>\n<p><strong>Conditions \u00e0 valider :<\/strong><\/p>\n<ol>\n<li>Je maitrise stop, bac, reprise et esquimautage.<\/li>\n<li>Mon mat\u00e9riel (kayak et \u00e9quipements de s\u00e9curit\u00e9) est conforme au Code du Sport.<\/li>\n<li>Etre majeur (les mineurs doivent \u00eatre encadr\u00e9s par un majeur sur l&#8217;eau).<\/li>\n<\/ol>\n<p>&nbsp;<\/p>\n","protected":false},"excerpt":{"rendered":"<p><strong>R\u00e9servation d&#8217;1h de cr\u00e9neau pour les kayakistes exp\u00e9riment\u00e9s.<br \/>\n<\/strong><\/p>\n<p>Il est possible de prendre autant de cr\u00e9neaux que souhait\u00e9s.<\/p>\n<p>L&#8217;achat via la boutique en ligne vous sert de contre marque pour acc\u00e9der au bassin.<\/p>\n<p>Les cr\u00e9neaux accessibles sur les sessions de raft sont disponibles <a href=\"https:\/\/smeag95-my.sharepoint.com\/:x:\/g\/personal\/eauvive_basedeloisirs95_com\/EdOGgCe6P05MiE4Lpj6uBPQBkcOHf_cvSMFVn3tVw3KCLA?e=zExkDD\">sur cette page<\/a>, vous avez \u00e9galement possibilit\u00e9 de venir pagayer sur les cr\u00e9neaux grand public visibles <a href=\"https:\/\/cergy-pontoise.iledeloisirs.fr\/boutique\/produit\/rafting-grand-public\/?date=2025-05-30\">ici<\/a><\/p>\n","protected":false},"featured_media":135098,"comment_status":"closed","ping_status":"closed","template":"","meta":[],"product_brand":[],"product_cat":[51],"product_tag":[],"class_list":{"0":"post-124626","1":"product","2":"type-product","3":"status-publish","4":"has-post-thumbnail","6":"product_cat-kayakistes","8":"first","9":"instock","10":"taxable","11":"shipping-taxable","12":"purchasable","13":"product-type-simple"},"_links":{"self":[{"href":"https:\/\/cergy-pontoise.iledeloisirs.fr\/boutique\/wp-json\/wp\/v2\/product\/124626","targetHints":{"allow":["GET"]}}],"collection":[{"href":"https:\/\/cergy-pontoise.iledeloisirs.fr\/boutique\/wp-json\/wp\/v2\/product"}],"about":[{"href":"https:\/\/cergy-pontoise.iledeloisirs.fr\/boutique\/wp-json\/wp\/v2\/types\/product"}],"replies":[{"embeddable":true,"href":"https:\/\/cergy-pontoise.iledeloisirs.fr\/boutique\/wp-json\/wp\/v2\/comments?post=124626"}],"wp:featuredmedia":[{"embeddable":true,"href":"https:\/\/cergy-pontoise.iledeloisirs.fr\/boutique\/wp-json\/wp\/v2\/media\/135098"}],"wp:attachment":[{"href":"https:\/\/cergy-pontoise.iledeloisirs.fr\/boutique\/wp-json\/wp\/v2\/media?parent=124626"}],"wp:term":[{"taxonomy":"product_brand","embeddable":true,"href":"https:\/\/cergy-pontoise.iledeloisirs.fr\/boutique\/wp-json\/wp\/v2\/product_brand?post=124626"},{"taxonomy":"product_cat","embeddable":true,"href":"https:\/\/cergy-pontoise.iledeloisirs.fr\/boutique\/wp-json\/wp\/v2\/product_cat?post=124626"},{"taxonomy":"product_tag","embeddable":true,"href":"https:\/\/cergy-pontoise.iledeloisirs.fr\/boutique\/wp-json\/wp\/v2\/product_tag?post=124626"}],"curies":[{"name":"wp","href":"https:\/\/api.w.org\/{rel}","templated":true}]}}