{"id":124673,"date":"2025-02-04T18:54:12","date_gmt":"2025-02-04T17:54:12","guid":{"rendered":"https:\/\/cergy-pontoise.iledeloisirs.fr\/boutique\/?post_type=product&#038;p=124673"},"modified":"2026-02-02T16:07:31","modified_gmt":"2026-02-02T15:07:31","slug":"kayakistes-individuels-acces-stade-deau-vive-1h30-2-pompes","status":"publish","type":"product","link":"https:\/\/cergy-pontoise.iledeloisirs.fr\/boutique\/produit\/kayakistes-individuels-acces-stade-deau-vive-1h30-2-pompes\/","title":{"rendered":"Kayakistes Individuels &#8211; Acc\u00e8s Stade d&#8217;Eau Vive 1h30 &#8211; 2 pompes"},"content":{"rendered":"<p><strong>Seul ou en groupe, venez profitez d&#8217;1h30 de navigation sur le stade d&#8217;eau vive<br \/>\n<\/strong><\/p>\n<p><strong>Conditions \u00e0 valider :<\/strong><\/p>\n<ol>\n<li>Je suis autonome en navigation ou je suis accompagn\u00e9 d&#8217;un encadrement permettant ma s\u00e9curit\u00e9.<\/li>\n<li>Je poss\u00e8de mon propre mat\u00e9riel (kayak et \u00e9quipements de s\u00e9curit\u00e9) conforme au Code du Sport.<\/li>\n<li>Etre majeur (les mineurs doivent \u00eatre encadr\u00e9s par un majeur sur l&#8217;eau).<\/li>\n<\/ol>\n<p>&nbsp;<\/p>\n","protected":false},"excerpt":{"rendered":"<p><strong>R\u00e9servation d&#8217;1h30 de cr\u00e9neau partag\u00e9 pour les kayakistes \u00e0 8m3\/s (2 pompes).<\/strong><\/p>\n<p>Produit id\u00e9al pour pratiquer les disciplines d&#8217;eau vive seul, en groupe ou en club.<\/p>\n<p>Cr\u00e9neau valid\u00e9 \u00e0 partir de 10 personnes 48h en amont.<\/p>\n","protected":false},"featured_media":135219,"comment_status":"closed","ping_status":"closed","template":"","meta":[],"product_brand":[],"product_cat":[51],"product_tag":[],"class_list":{"0":"post-124673","1":"product","2":"type-product","3":"status-publish","4":"has-post-thumbnail","6":"product_cat-kayakistes","8":"first","9":"instock","10":"virtual","11":"taxable","12":"purchasable","13":"product-type-appointment"},"_links":{"self":[{"href":"https:\/\/cergy-pontoise.iledeloisirs.fr\/boutique\/wp-json\/wp\/v2\/product\/124673","targetHints":{"allow":["GET"]}}],"collection":[{"href":"https:\/\/cergy-pontoise.iledeloisirs.fr\/boutique\/wp-json\/wp\/v2\/product"}],"about":[{"href":"https:\/\/cergy-pontoise.iledeloisirs.fr\/boutique\/wp-json\/wp\/v2\/types\/product"}],"replies":[{"embeddable":true,"href":"https:\/\/cergy-pontoise.iledeloisirs.fr\/boutique\/wp-json\/wp\/v2\/comments?post=124673"}],"wp:featuredmedia":[{"embeddable":true,"href":"https:\/\/cergy-pontoise.iledeloisirs.fr\/boutique\/wp-json\/wp\/v2\/media\/135219"}],"wp:attachment":[{"href":"https:\/\/cergy-pontoise.iledeloisirs.fr\/boutique\/wp-json\/wp\/v2\/media?parent=124673"}],"wp:term":[{"taxonomy":"product_brand","embeddable":true,"href":"https:\/\/cergy-pontoise.iledeloisirs.fr\/boutique\/wp-json\/wp\/v2\/product_brand?post=124673"},{"taxonomy":"product_cat","embeddable":true,"href":"https:\/\/cergy-pontoise.iledeloisirs.fr\/boutique\/wp-json\/wp\/v2\/product_cat?post=124673"},{"taxonomy":"product_tag","embeddable":true,"href":"https:\/\/cergy-pontoise.iledeloisirs.fr\/boutique\/wp-json\/wp\/v2\/product_tag?post=124673"}],"curies":[{"name":"wp","href":"https:\/\/api.w.org\/{rel}","templated":true}]}}