{"id":124680,"date":"2025-02-04T19:20:50","date_gmt":"2025-02-04T18:20:50","guid":{"rendered":"https:\/\/cergy-pontoise.iledeloisirs.fr\/boutique\/?post_type=product&#038;p=124680"},"modified":"2025-05-23T10:50:20","modified_gmt":"2025-05-23T08:50:20","slug":"kayakistes-individuels-cours-particuliers","status":"publish","type":"product","link":"https:\/\/cergy-pontoise.iledeloisirs.fr\/boutique\/produit\/kayakistes-individuels-cours-particuliers\/","title":{"rendered":"Kayakistes Individuels &#8211; Cours particuliers"},"content":{"rendered":"<p><strong>Pendant 1h, profitez d&#8217;un cours particulier en eau vive avec un encadrant dipl\u00f4m\u00e9.<br \/>\n<\/strong><\/p>\n<p><strong>Conditions \u00e0 valider :<\/strong><\/p>\n<ol>\n<li>Savoir nager 25m avec immersion de la t\u00eate.<\/li>\n<li>Pour les mineurs, pr\u00e9sence obligatoire du tuteur l\u00e9gal durant la pratique.<\/li>\n<li>Pr\u00e9sentation de la carte 20h ou du justificatif d&#8217;achat d&#8217;un cr\u00e9neau acc\u00e8s 1h (avec ou sans mat\u00e9riel)<\/li>\n<\/ol>\n<p>&nbsp;<\/p>\n","protected":false},"excerpt":{"rendered":"<p><strong>Cours particuliers pour ceux qui souhaitent progresser en eau vive.<\/strong><\/p>\n<p>Se renseigner aupr\u00e8s du personnel du stade d&#8217;eau vive pour connaitre les disponibilit\u00e9s de cr\u00e9neau.<\/p>\n","protected":false},"featured_media":135099,"comment_status":"closed","ping_status":"closed","template":"","meta":[],"product_brand":[],"product_cat":[51],"product_tag":[],"class_list":{"0":"post-124680","1":"product","2":"type-product","3":"status-publish","4":"has-post-thumbnail","6":"product_cat-kayakistes","8":"first","9":"instock","10":"taxable","11":"shipping-taxable","12":"purchasable","13":"product-type-simple"},"_links":{"self":[{"href":"https:\/\/cergy-pontoise.iledeloisirs.fr\/boutique\/wp-json\/wp\/v2\/product\/124680","targetHints":{"allow":["GET"]}}],"collection":[{"href":"https:\/\/cergy-pontoise.iledeloisirs.fr\/boutique\/wp-json\/wp\/v2\/product"}],"about":[{"href":"https:\/\/cergy-pontoise.iledeloisirs.fr\/boutique\/wp-json\/wp\/v2\/types\/product"}],"replies":[{"embeddable":true,"href":"https:\/\/cergy-pontoise.iledeloisirs.fr\/boutique\/wp-json\/wp\/v2\/comments?post=124680"}],"wp:featuredmedia":[{"embeddable":true,"href":"https:\/\/cergy-pontoise.iledeloisirs.fr\/boutique\/wp-json\/wp\/v2\/media\/135099"}],"wp:attachment":[{"href":"https:\/\/cergy-pontoise.iledeloisirs.fr\/boutique\/wp-json\/wp\/v2\/media?parent=124680"}],"wp:term":[{"taxonomy":"product_brand","embeddable":true,"href":"https:\/\/cergy-pontoise.iledeloisirs.fr\/boutique\/wp-json\/wp\/v2\/product_brand?post=124680"},{"taxonomy":"product_cat","embeddable":true,"href":"https:\/\/cergy-pontoise.iledeloisirs.fr\/boutique\/wp-json\/wp\/v2\/product_cat?post=124680"},{"taxonomy":"product_tag","embeddable":true,"href":"https:\/\/cergy-pontoise.iledeloisirs.fr\/boutique\/wp-json\/wp\/v2\/product_tag?post=124680"}],"curies":[{"name":"wp","href":"https:\/\/api.w.org\/{rel}","templated":true}]}}