{"id":124688,"date":"2025-02-04T19:48:47","date_gmt":"2025-02-04T18:48:47","guid":{"rendered":"https:\/\/cergy-pontoise.iledeloisirs.fr\/boutique\/?post_type=product&#038;p=124688"},"modified":"2026-04-30T09:43:33","modified_gmt":"2026-04-30T07:43:33","slug":"kayakistes-groupe-location-stade-deau-vive-2-pompes","status":"publish","type":"product","link":"https:\/\/cergy-pontoise.iledeloisirs.fr\/boutique\/produit\/kayakistes-groupe-location-stade-deau-vive-2-pompes\/","title":{"rendered":"Privatisation Stade d&#8217;Eau Vive"},"content":{"rendered":"<p><strong>Privatisez le stade d&#8217;eau vive durant 1h00.<br \/>\n<\/strong><\/p>\n<p><strong>Conditions \u00e0 valider :<\/strong><\/p>\n<ol>\n<li>Pratiquants encadr\u00e9s par une ou plusieurs personnes d\u00e9tentrices des pr\u00e9rogatives d&#8217;encadrement en eau vive.<\/li>\n<li>L&#8217;ensemble des participants poss\u00e8de son mat\u00e9riel (kayak et \u00e9quipements de s\u00e9curit\u00e9) conforme au Code du Sport.<\/li>\n<\/ol>\n","protected":false},"excerpt":{"rendered":"<p><strong>Privatisation du stade d&#8217;eau vive pour 1h00.<\/strong><\/p>\n<p>R\u00e9servation par d\u00e9faut \u00e0 8m3\/s (2 pompes)<\/p>\n<p>12m3\/s (3 pompes) disponible en option.<\/p>\n<p>Produit id\u00e9al pour les clubs.<\/p>\n<p>Location de mat\u00e9riel possible.<\/p>\n<p>Cr\u00e9neaux disponibles selon planning.<\/p>\n<div id=\"sconnect-is-installed\">2.15.1.0<\/div>\n","protected":false},"featured_media":125028,"comment_status":"closed","ping_status":"closed","template":"","meta":[],"product_brand":[],"product_cat":[50,53,9],"product_tag":[],"class_list":{"0":"post-124688","1":"product","2":"type-product","3":"status-publish","4":"has-post-thumbnail","6":"product_cat-eau-vive-public-autonome","7":"product_cat-privatisation-stade-deau-vive","8":"product_cat-rafting-stadeeauvive","10":"first","11":"instock","12":"virtual","13":"taxable","14":"purchasable","15":"product-type-appointment"},"_links":{"self":[{"href":"https:\/\/cergy-pontoise.iledeloisirs.fr\/boutique\/wp-json\/wp\/v2\/product\/124688","targetHints":{"allow":["GET"]}}],"collection":[{"href":"https:\/\/cergy-pontoise.iledeloisirs.fr\/boutique\/wp-json\/wp\/v2\/product"}],"about":[{"href":"https:\/\/cergy-pontoise.iledeloisirs.fr\/boutique\/wp-json\/wp\/v2\/types\/product"}],"replies":[{"embeddable":true,"href":"https:\/\/cergy-pontoise.iledeloisirs.fr\/boutique\/wp-json\/wp\/v2\/comments?post=124688"}],"wp:featuredmedia":[{"embeddable":true,"href":"https:\/\/cergy-pontoise.iledeloisirs.fr\/boutique\/wp-json\/wp\/v2\/media\/125028"}],"wp:attachment":[{"href":"https:\/\/cergy-pontoise.iledeloisirs.fr\/boutique\/wp-json\/wp\/v2\/media?parent=124688"}],"wp:term":[{"taxonomy":"product_brand","embeddable":true,"href":"https:\/\/cergy-pontoise.iledeloisirs.fr\/boutique\/wp-json\/wp\/v2\/product_brand?post=124688"},{"taxonomy":"product_cat","embeddable":true,"href":"https:\/\/cergy-pontoise.iledeloisirs.fr\/boutique\/wp-json\/wp\/v2\/product_cat?post=124688"},{"taxonomy":"product_tag","embeddable":true,"href":"https:\/\/cergy-pontoise.iledeloisirs.fr\/boutique\/wp-json\/wp\/v2\/product_tag?post=124688"}],"curies":[{"name":"wp","href":"https:\/\/api.w.org\/{rel}","templated":true}]}}