{"id":143061,"date":"2025-06-27T11:02:21","date_gmt":"2025-06-27T09:02:21","guid":{"rendered":"https:\/\/cergy-pontoise.iledeloisirs.fr\/boutique\/?post_type=product&#038;p=143061"},"modified":"2025-06-27T16:25:27","modified_gmt":"2025-06-27T14:25:27","slug":"location-combinaison-gilet-casque-pagaie-1h","status":"publish","type":"product","link":"https:\/\/cergy-pontoise.iledeloisirs.fr\/boutique\/produit\/location-combinaison-gilet-casque-pagaie-1h\/","title":{"rendered":"Location Combinaison \/ Gilet \/ Casque \/ Pagaie &#8211; 1h"},"content":{"rendered":"","protected":false},"excerpt":{"rendered":"<p>Mise \u00e0 disposition d&#8217;un \u00e9quipement complet pour une personne pendant 1h.<\/p>\n<p>Ce produit comprend la mise \u00e0 disposition de :<br \/>\n&#8211; 1 combinaison<br \/>\n&#8211; 1 gilet raft<br \/>\n&#8211; 1 pagaie simple ou double<br \/>\n&#8211; 1 casque<\/p>\n<p>Ce produit ne comprend pas l&#8217;acc\u00e8s \u00e0 la rivi\u00e8re. N\u00e9anmoins le produit carte 20h est int\u00e9ressant pour la navigation autonome : <a href=\"https:\/\/cergy-pontoise.iledeloisirs.fr\/boutique\/produit\/carte20h\/\">Carte 20h !<\/a><\/p>\n","protected":false},"featured_media":143115,"comment_status":"open","ping_status":"closed","template":"","meta":[],"product_brand":[],"product_cat":[53],"product_tag":[],"class_list":{"0":"post-143061","1":"product","2":"type-product","3":"status-publish","4":"has-post-thumbnail","6":"product_cat-privatisation-stade-deau-vive","8":"first","9":"instock","10":"taxable","11":"shipping-taxable","12":"purchasable","13":"product-type-simple"},"_links":{"self":[{"href":"https:\/\/cergy-pontoise.iledeloisirs.fr\/boutique\/wp-json\/wp\/v2\/product\/143061","targetHints":{"allow":["GET"]}}],"collection":[{"href":"https:\/\/cergy-pontoise.iledeloisirs.fr\/boutique\/wp-json\/wp\/v2\/product"}],"about":[{"href":"https:\/\/cergy-pontoise.iledeloisirs.fr\/boutique\/wp-json\/wp\/v2\/types\/product"}],"replies":[{"embeddable":true,"href":"https:\/\/cergy-pontoise.iledeloisirs.fr\/boutique\/wp-json\/wp\/v2\/comments?post=143061"}],"wp:featuredmedia":[{"embeddable":true,"href":"https:\/\/cergy-pontoise.iledeloisirs.fr\/boutique\/wp-json\/wp\/v2\/media\/143115"}],"wp:attachment":[{"href":"https:\/\/cergy-pontoise.iledeloisirs.fr\/boutique\/wp-json\/wp\/v2\/media?parent=143061"}],"wp:term":[{"taxonomy":"product_brand","embeddable":true,"href":"https:\/\/cergy-pontoise.iledeloisirs.fr\/boutique\/wp-json\/wp\/v2\/product_brand?post=143061"},{"taxonomy":"product_cat","embeddable":true,"href":"https:\/\/cergy-pontoise.iledeloisirs.fr\/boutique\/wp-json\/wp\/v2\/product_cat?post=143061"},{"taxonomy":"product_tag","embeddable":true,"href":"https:\/\/cergy-pontoise.iledeloisirs.fr\/boutique\/wp-json\/wp\/v2\/product_tag?post=143061"}],"curies":[{"name":"wp","href":"https:\/\/api.w.org\/{rel}","templated":true}]}}