{"id":168614,"date":"2025-11-27T10:30:11","date_gmt":"2025-11-27T09:30:11","guid":{"rendered":"https:\/\/cergy-pontoise.iledeloisirs.fr\/boutique\/?post_type=product&#038;p=168614"},"modified":"2026-02-17T10:37:48","modified_gmt":"2026-02-17T09:37:48","slug":"les-dimanches-nature","status":"publish","type":"product","link":"https:\/\/cergy-pontoise.iledeloisirs.fr\/boutique\/produit\/les-dimanches-nature\/","title":{"rendered":"Les mercredis nature"},"content":{"rendered":"<div class=\"x_elementToProof\" data-olk-copy-source=\"MessageBody\">Avec ses 250 hectares de superficie, dont 110 hectares d\u2019\u00e9tangs, l\u2019\u00cele de loisirs de Cergy offre un v\u00e9ritable havre de verdure et de biodiversit\u00e9. C\u2019est un espace naturel propice \u00e0 la d\u00e9tente, \u00e0 l\u2019observation et \u00e0 la d\u00e9couverte de la faune et de la flore.<\/div>\n<div class=\"x_elementToProof\">Au fil de vos promenades, vous croiserez sans doute de nombreux animaux \u2026 saurez-vous les identifier ?<\/div>\n<div>Avec nos mercredis nature, partez \u00e0 l&#8217;aventure sur l&#8217;\u00cele de loisirs et d\u00e9couvrez tous les secrets de sa faune et de sa flore !<\/div>\n<h5><\/h5>\n<div><strong>08\/04 :<\/strong> <strong>Interaction du vivant autour d\u2019un plan d\u2019eau<\/strong><\/div>\n<div>\n<p>Identification des v\u00e9g\u00e9taux, identification des oiseaux d\u2019eau et des oiseaux des jardins, cha\u00eene alimentaire, sensibilisation des milieux aquatiques.<\/p>\n<p><strong>22\/04 : <\/strong><strong>Le monde des abeilles<\/strong><\/p>\n<p>D\u00e9couvrir et comprendre les abeilles et les insectes pollinisateurs. D\u00e9couvrir la vie complexe d\u2019une ruche et l\u2019int\u00e9r\u00eat d\u2019une vie en collectivit\u00e9.<\/p>\n<p><strong>06\/05 :\u00a0Interaction du vivant autour d\u2019un plan d\u2019eau<\/strong><\/p>\n<p>Identification des v\u00e9g\u00e9taux, identification des oiseaux d\u2019eau et des oiseaux des jardins, cha\u00eene alimentaire, sensibilisation des milieux aquatiques.<\/p>\n<p><strong>20\/05 :\u00a0Le monde des abeilles<\/strong><\/p>\n<p>D\u00e9couvrir et comprendre les abeilles et les insectes pollinisateurs. D\u00e9couvrir la vie complexe d\u2019une ruche et l\u2019int\u00e9r\u00eat d\u2019une vie en collectivit\u00e9.<\/p>\n<p><strong>03\/06 :\u00a0Interaction du vivant autour d\u2019un plan d\u2019eau<\/strong><\/p>\n<p>Identification des v\u00e9g\u00e9taux, identification des oiseaux d\u2019eau et des oiseaux des jardins, cha\u00eene alimentaire, sensibilisation des milieux aquatiques.<\/p>\n<p><strong>17\/06 : Le monde des abeilles<\/strong><\/p>\n<p>D\u00e9couvrir et comprendre les abeilles et les insectes pollinisateurs. D\u00e9couvrir la vie complexe d\u2019une ruche et l\u2019int\u00e9r\u00eat d\u2019une vie en collectivit\u00e9.<\/p>\n<p><strong>09\/09 :\u00a0Interaction du vivant autour d\u2019un plan d\u2019eau<\/strong><\/p>\n<p>Identification des v\u00e9g\u00e9taux, identification des oiseaux d\u2019eau et des oiseaux des jardins, cha\u00eene alimentaire, sensibilisation des milieux aquatiques.<\/p>\n<p><strong>23\/09 : Le monde des abeilles<\/strong><\/p>\n<p>D\u00e9couvrir et comprendre les abeilles et les insectes pollinisateurs. D\u00e9couvrir la vie complexe d\u2019une ruche et l\u2019int\u00e9r\u00eat d\u2019une vie en collectivit\u00e9.<\/p>\n<\/div>\n","protected":false},"excerpt":{"rendered":"<p>Avec les mercredis nature, d\u00e9couvrez l&#8217;\u00cele de loisirs d&#8217;une mani\u00e8re in\u00e9dite !<\/p>\n<p>Gr\u00e2ce \u00e0 notre \u00e9ducatrice sp\u00e9cialis\u00e9e, la faune et la flore de l&#8217;Ile de loisirs n&#8217;auront plus de secrets pour vous !<\/p>\n","protected":false},"featured_media":168616,"comment_status":"open","ping_status":"closed","template":"","meta":[],"product_brand":[],"product_cat":[37],"product_tag":[],"class_list":{"0":"post-168614","1":"product","2":"type-product","3":"status-publish","4":"has-post-thumbnail","6":"product_cat-nature","8":"first","9":"instock","10":"virtual","11":"taxable","12":"purchasable","13":"product-type-appointment"},"_links":{"self":[{"href":"https:\/\/cergy-pontoise.iledeloisirs.fr\/boutique\/wp-json\/wp\/v2\/product\/168614","targetHints":{"allow":["GET"]}}],"collection":[{"href":"https:\/\/cergy-pontoise.iledeloisirs.fr\/boutique\/wp-json\/wp\/v2\/product"}],"about":[{"href":"https:\/\/cergy-pontoise.iledeloisirs.fr\/boutique\/wp-json\/wp\/v2\/types\/product"}],"replies":[{"embeddable":true,"href":"https:\/\/cergy-pontoise.iledeloisirs.fr\/boutique\/wp-json\/wp\/v2\/comments?post=168614"}],"wp:featuredmedia":[{"embeddable":true,"href":"https:\/\/cergy-pontoise.iledeloisirs.fr\/boutique\/wp-json\/wp\/v2\/media\/168616"}],"wp:attachment":[{"href":"https:\/\/cergy-pontoise.iledeloisirs.fr\/boutique\/wp-json\/wp\/v2\/media?parent=168614"}],"wp:term":[{"taxonomy":"product_brand","embeddable":true,"href":"https:\/\/cergy-pontoise.iledeloisirs.fr\/boutique\/wp-json\/wp\/v2\/product_brand?post=168614"},{"taxonomy":"product_cat","embeddable":true,"href":"https:\/\/cergy-pontoise.iledeloisirs.fr\/boutique\/wp-json\/wp\/v2\/product_cat?post=168614"},{"taxonomy":"product_tag","embeddable":true,"href":"https:\/\/cergy-pontoise.iledeloisirs.fr\/boutique\/wp-json\/wp\/v2\/product_tag?post=168614"}],"curies":[{"name":"wp","href":"https:\/\/api.w.org\/{rel}","templated":true}]}}