{"id":171900,"date":"2026-02-02T14:34:32","date_gmt":"2026-02-02T13:34:32","guid":{"rendered":"https:\/\/cergy-pontoise.iledeloisirs.fr\/boutique\/?post_type=product&#038;p=171900"},"modified":"2026-02-11T17:18:17","modified_gmt":"2026-02-11T16:18:17","slug":"stage-oceanie-17-aout-au-21-aout","status":"publish","type":"product","link":"https:\/\/cergy-pontoise.iledeloisirs.fr\/boutique\/produit\/stage-oceanie-17-aout-au-21-aout\/","title":{"rendered":"Stage Oc\u00e9anie &#8211; 17 ao\u00fbt au 21 ao\u00fbt 2026"},"content":{"rendered":"<p><strong>Stage Oc\u00e9anie 11-17 ans<\/strong><\/p>\n<p><strong>Une semaine en terre d&#8217;aventure<\/strong><\/p>\n<p><strong>Oc\u00e9anie est l&#8217;opportunit\u00e9 de d\u00e9couvrir les sports de pagaies et de se familiariser au plaisir de la navigation en eaux vives en toute s\u00e9curit\u00e9.<\/strong><br \/>\nChaque jour, participes \u00e0 <strong>trois activit\u00e9s dynamiques<\/strong>, avec une dominante sur le rafting et les sports nautiques :<\/p>\n<ul>\n<li><strong>Matin<\/strong> : activit\u00e9 de 10h \u00e0 12h<\/li>\n<li><strong>Pause d\u00e9jeuner<\/strong> : pique-nique de 12h \u00e0 13h<\/li>\n<li><strong>Apr\u00e8s-midi<\/strong> :activit\u00e9s de 13h \u00e0 15h puis 15h \u00e0 17h<\/li>\n<\/ul>\n<p><strong>Activit\u00e9s au programme<\/strong> <em>(selon disponibilit\u00e9s)<\/em> :<\/p>\n<p><strong>Dominante sports de pagaies et eaux vives : <\/strong>\u00a0kayak,\u00a0 paddle, Rafting, Packraft, nage eaux vive, vague \u00e0 surf.<\/p>\n<p><strong>Sports nature :<\/strong> Laser run, Tir \u00e0 l&#8217;arc, VTT et orientation<\/p>\n<p><strong>En plus :<\/strong> Coh\u00e9sion d&#8217;\u00e9quipe et d\u00e9fis raid multisports<\/p>\n<p><strong>Le bonus :<\/strong> Aquaparc<\/p>\n<p><strong>Documents \u00e0 fournir pour l&#8217;inscription<\/strong> :<\/p>\n<ul>\n<li>Certificat m\u00e9dical<\/li>\n<li>Brevet de natation <em>(mod\u00e8les t\u00e9l\u00e9chargeables sur cette page)<\/em><\/li>\n<\/ul>\n<p><strong>\u00c9quipements \u00e0 pr\u00e9voir<\/strong> :<\/p>\n<ul>\n<li>Tenue de sport<\/li>\n<li>Affaires de bain<\/li>\n<li>Chaussures ferm\u00e9es adapt\u00e9es \u00e0 l\u2019eau<\/li>\n<li>Pique-nique froid<\/li>\n<\/ul>\n<p><strong>Protection solaire<\/strong><br \/>\nLa protection solaire est sous la responsabilit\u00e9 des parents. Pensez \u00e0 fournir \u00e0 votre enfant :<\/p>\n<ul>\n<li>Cr\u00e8me solaire<\/li>\n<li>Casquette<\/li>\n<li>V\u00eatement anti-UV adapt\u00e9<\/li>\n<\/ul>\n<p>Certaines activit\u00e9s \u00e9tant expos\u00e9es au soleil, une vigilance particuli\u00e8re est recommand\u00e9e.<\/p>\n<p><strong>Informations importantes<\/strong><br \/>\nLe programme est donn\u00e9 \u00e0 titre indicatif et peut \u00eatre ajust\u00e9 en fonction des disponibilit\u00e9s des encadrants et des conditions m\u00e9t\u00e9orologiques.<\/p>\n<p>Pr\u00eat \u00e0 dompter les rapides et vivre une aventure inoubliable ?<\/p>\n","protected":false},"excerpt":{"rendered":"<p><strong>Oc\u00e9anie est l&#8217;opportunit\u00e9 de d\u00e9couvrir les sports de pagaies et de se familiariser au plaisir de la navigation en eaux vives en toute s\u00e9curit\u00e9.<\/strong><br \/>\nChaque jour, participe \u00e0 <strong>trois activit\u00e9s dynamiques<\/strong>, avec une dominante sur le rafting et les sports en eaux vives :<\/p>\n<ul>\n<li><strong>Matin<\/strong> : activit\u00e9 de 10h \u00e0 12h<\/li>\n<li><strong>Pause d\u00e9jeuner<\/strong> : pique-nique de 12h \u00e0 13h<\/li>\n<li><strong>Apr\u00e8s-midi<\/strong> :\n<ul>\n<li>Premi\u00e8re activit\u00e9 de 13h \u00e0 15h<\/li>\n<li>Deuxi\u00e8me activit\u00e9 de 15h \u00e0 17h<\/li>\n<\/ul>\n<\/li>\n<\/ul>\n<p><strong>Activit\u00e9s au programme<\/strong> <em>(selon disponibilit\u00e9s)<\/em> :<br \/>\nKayak,\u00a0 paddle, Nage en eaux vives, vague \u00e0 surf, mais aussi tir laser, tir \u00e0 l&#8217;arc, VTT orientation avec d\u00e9fis radeau et raid multisport.<\/p>\n","protected":false},"featured_media":171986,"comment_status":"open","ping_status":"closed","template":"","meta":[],"product_brand":[],"product_cat":[20,33],"product_tag":[],"class_list":{"0":"post-171900","1":"product","2":"type-product","3":"status-publish","4":"has-post-thumbnail","6":"product_cat-stage-semaine","7":"product_cat-11-17-ans","9":"first","10":"instock","11":"virtual","12":"taxable","13":"purchasable","14":"product-type-simple"},"_links":{"self":[{"href":"https:\/\/cergy-pontoise.iledeloisirs.fr\/boutique\/wp-json\/wp\/v2\/product\/171900","targetHints":{"allow":["GET"]}}],"collection":[{"href":"https:\/\/cergy-pontoise.iledeloisirs.fr\/boutique\/wp-json\/wp\/v2\/product"}],"about":[{"href":"https:\/\/cergy-pontoise.iledeloisirs.fr\/boutique\/wp-json\/wp\/v2\/types\/product"}],"replies":[{"embeddable":true,"href":"https:\/\/cergy-pontoise.iledeloisirs.fr\/boutique\/wp-json\/wp\/v2\/comments?post=171900"}],"wp:featuredmedia":[{"embeddable":true,"href":"https:\/\/cergy-pontoise.iledeloisirs.fr\/boutique\/wp-json\/wp\/v2\/media\/171986"}],"wp:attachment":[{"href":"https:\/\/cergy-pontoise.iledeloisirs.fr\/boutique\/wp-json\/wp\/v2\/media?parent=171900"}],"wp:term":[{"taxonomy":"product_brand","embeddable":true,"href":"https:\/\/cergy-pontoise.iledeloisirs.fr\/boutique\/wp-json\/wp\/v2\/product_brand?post=171900"},{"taxonomy":"product_cat","embeddable":true,"href":"https:\/\/cergy-pontoise.iledeloisirs.fr\/boutique\/wp-json\/wp\/v2\/product_cat?post=171900"},{"taxonomy":"product_tag","embeddable":true,"href":"https:\/\/cergy-pontoise.iledeloisirs.fr\/boutique\/wp-json\/wp\/v2\/product_tag?post=171900"}],"curies":[{"name":"wp","href":"https:\/\/api.w.org\/{rel}","templated":true}]}}