{"id":171905,"date":"2026-02-02T15:12:26","date_gmt":"2026-02-02T14:12:26","guid":{"rendered":"https:\/\/cergy-pontoise.iledeloisirs.fr\/boutique\/?post_type=product&#038;p=171905"},"modified":"2026-04-01T21:21:52","modified_gmt":"2026-04-01T19:21:52","slug":"stage-californie-du-20-juillet-au-24-juillet","status":"publish","type":"product","link":"https:\/\/cergy-pontoise.iledeloisirs.fr\/boutique\/produit\/stage-californie-du-20-juillet-au-24-juillet\/","title":{"rendered":"Stage Californie &#8211; 20 Juillet au 24 juillet 2026"},"content":{"rendered":"<p><strong>Stage Californie 11-17 ans<\/strong><\/p>\n<p><strong>Le spot id\u00e9al pour une immersion dans la culture glisse ! Surfer la vague, glisser sur un kneeboard ou \u00e9voluer en ski sur les \u00e9tangs ! Apprends et perfectionnes ta technique glisse et deviens un vrai surfer ! Les espaces nature te permettront aussi de profiter des sports outdoor.\u00a0<\/strong><br \/>\nChaque jour, trois activit\u00e9s passionnantes sont pr\u00e9vues :<\/p>\n<ul>\n<li><strong>Matin<\/strong> : de 10h \u00e0 12h<\/li>\n<li><strong>Apr\u00e8s-midi<\/strong> : de 13h \u00e0 17h<\/li>\n<li><strong>Pause d\u00e9jeuner<\/strong> : pique-nique de 12h \u00e0 13h<\/li>\n<\/ul>\n<p><strong>Activit\u00e9s propos\u00e9es<\/strong> <em>(selon disponibilit\u00e9s)<\/em> :<\/p>\n<p><strong>Dominantes :<\/strong> Surf et t\u00e9l\u00e9ski nautique<\/p>\n<p><strong>En plus :<\/strong> kayak, paddle, rafting<\/p>\n<p><strong>Sports nature :<\/strong> Laser run, Tir \u00e0 l&#8217;arc, VTT, orientation.<\/p>\n<p><strong>Bonus :<\/strong> Paintball<\/p>\n<p>Moment coh\u00e9sion et d\u00e9fis raid multisport.<\/p>\n<p><strong>Documents \u00e0 fournir pour l&#8217;inscription<\/strong> :<\/p>\n<ul>\n<li>Certificat m\u00e9dical<\/li>\n<li>Brevet de natation <em>(mod\u00e8les t\u00e9l\u00e9chargeables sur cette page)<\/em><\/li>\n<\/ul>\n<p><strong>\u00c9quipements \u00e0 pr\u00e9voir<\/strong> :<\/p>\n<ul>\n<li>Tenue de sport<\/li>\n<li>Affaires de bain<\/li>\n<li>Chaussures ferm\u00e9es adapt\u00e9es \u00e0 l&#8217;eau<\/li>\n<li>Pique-nique froid<\/li>\n<\/ul>\n<p><strong>Protection solaire<\/strong><br \/>\nLa protection solaire est sous la responsabilit\u00e9 des parents. Pensez \u00e0 fournir \u00e0 votre enfant :<\/p>\n<ul>\n<li>Cr\u00e8me solaire<\/li>\n<li>Casquette<\/li>\n<li>V\u00eatement anti-UV adapt\u00e9<\/li>\n<\/ul>\n<p>Certaines activit\u00e9s se d\u00e9roulent en plein soleil, soyez vigilants !<\/p>\n<p><strong>Informations importantes<\/strong><br \/>\nLe programme est donn\u00e9 \u00e0 titre indicatif et peut \u00eatre modifi\u00e9 en fonction des disponibilit\u00e9s des encadrants et des conditions m\u00e9t\u00e9orologiques.<\/p>\n","protected":false},"excerpt":{"rendered":"<p><strong>Stage Californie 11-17 ans<\/strong><\/p>\n<p><strong>Surfer la vague, glisser sur un kneeboard ou \u00e9voluer en ski sur les \u00e9tangs ! <\/strong><br \/>\nChaque jour, profite de <strong>trois activit\u00e9s passionnantes<\/strong>, avec une dominante sur les sports de glisse :<\/p>\n<ul>\n<li><strong>Matin<\/strong> : de 10h \u00e0 12h<\/li>\n<li><strong>Apr\u00e8s-midi<\/strong> : de 13h \u00e0 17h<\/li>\n<li><strong>Pause d\u00e9jeuner<\/strong> : pique-nique de 12h \u00e0 13h<\/li>\n<\/ul>\n<p><strong>Activit\u00e9s au programme<\/strong> <em>(selon disponibilit\u00e9s)<\/em> :<br \/>\nSurf, t\u00e9l\u00e9ski nautique, kayak, paddle, rafting, tir \u00e0 l&#8217;arc, laser run, VTT,\u00a0 et raid multisport.<\/p>\n<p><strong>Vraie immersion dans la culture glisse !<\/strong><\/p>\n","protected":false},"featured_media":171991,"comment_status":"open","ping_status":"closed","template":"","meta":[],"product_brand":[],"product_cat":[20,33],"product_tag":[],"class_list":{"0":"post-171905","1":"product","2":"type-product","3":"status-publish","4":"has-post-thumbnail","6":"product_cat-stage-semaine","7":"product_cat-11-17-ans","9":"first","10":"instock","11":"virtual","12":"taxable","13":"purchasable","14":"product-type-simple"},"_links":{"self":[{"href":"https:\/\/cergy-pontoise.iledeloisirs.fr\/boutique\/wp-json\/wp\/v2\/product\/171905","targetHints":{"allow":["GET"]}}],"collection":[{"href":"https:\/\/cergy-pontoise.iledeloisirs.fr\/boutique\/wp-json\/wp\/v2\/product"}],"about":[{"href":"https:\/\/cergy-pontoise.iledeloisirs.fr\/boutique\/wp-json\/wp\/v2\/types\/product"}],"replies":[{"embeddable":true,"href":"https:\/\/cergy-pontoise.iledeloisirs.fr\/boutique\/wp-json\/wp\/v2\/comments?post=171905"}],"wp:featuredmedia":[{"embeddable":true,"href":"https:\/\/cergy-pontoise.iledeloisirs.fr\/boutique\/wp-json\/wp\/v2\/media\/171991"}],"wp:attachment":[{"href":"https:\/\/cergy-pontoise.iledeloisirs.fr\/boutique\/wp-json\/wp\/v2\/media?parent=171905"}],"wp:term":[{"taxonomy":"product_brand","embeddable":true,"href":"https:\/\/cergy-pontoise.iledeloisirs.fr\/boutique\/wp-json\/wp\/v2\/product_brand?post=171905"},{"taxonomy":"product_cat","embeddable":true,"href":"https:\/\/cergy-pontoise.iledeloisirs.fr\/boutique\/wp-json\/wp\/v2\/product_cat?post=171905"},{"taxonomy":"product_tag","embeddable":true,"href":"https:\/\/cergy-pontoise.iledeloisirs.fr\/boutique\/wp-json\/wp\/v2\/product_tag?post=171905"}],"curies":[{"name":"wp","href":"https:\/\/api.w.org\/{rel}","templated":true}]}}