{"id":172208,"date":"2026-02-11T10:04:14","date_gmt":"2026-02-11T09:04:14","guid":{"rendered":"https:\/\/cergy-pontoise.iledeloisirs.fr\/boutique\/?post_type=product&#038;p=172208"},"modified":"2026-03-27T14:15:06","modified_gmt":"2026-03-27T13:15:06","slug":"teleski-nautique-stage-du-soir-vitesse-reduite","status":"publish","type":"product","link":"https:\/\/cergy-pontoise.iledeloisirs.fr\/boutique\/produit\/teleski-nautique-stage-du-soir-vitesse-reduite\/","title":{"rendered":"T\u00e9l\u00e9ski Nautique, stage du soir vitesse r\u00e9duite"},"content":{"rendered":"<p>Premier en Ile de France, le t\u00e9l\u00e9ski nautique est une activit\u00e9 phare de l&#8217;\u00cele de loisirs.<\/p>\n<p>Le stage du soir vitesse r\u00e9duite permet de s&#8217;initier au kneeboard, au ski nautique ou au wakeboard dans des conditions id\u00e9ales pour d\u00e9buter, gr\u00e2ce \u00e0 une vitesse adapt\u00e9e!\u00a0 10 skieurs peuvent simultan\u00e9ment s\u2019adonner \u00e0 ce sport de glisse alliant challenge et d\u00e9tente, tract\u00e9s par un c\u00e2ble sur une boucle de 800 m\u00e8tres \u00e0 une vitesse de 30 km\/h. Diff\u00e9rents modules de glisse (kicker, slider, fun box) jalonnent le parcours pour les plus audacieux et les plus friands d\u2019adr\u00e9naline. Les sessions sont limit\u00e9es \u00e0 20 personnes pour une qualit\u00e9 de pratique excellente !<\/p>\n<ul>\n<li><strong>Cr\u00e9neaux<\/strong> : Le premier mercredi de chaque mois (juin, juillet, ao\u00fbt)<\/li>\n<li><strong>Dur\u00e9e<\/strong>\u00a0: 1h30<\/li>\n<li><strong>Tarif<\/strong> : 28\u20ac\/session<\/li>\n<\/ul>\n<p><span style=\"text-decoration: underline\"><strong>Conditions \u00e0 valider\u00a0:<\/strong><\/span><\/p>\n<ol>\n<li>J\u2019ai 8 ans ou plus<\/li>\n<li>Je sais nager 25 m\u00e8tres (brevet de natation obligatoire, \u00e0 pr\u00e9senter sur place pour les mineurs)<\/li>\n<\/ol>\n<p>Le t\u00e9l\u00e9ski nautique est une activit\u00e9 engageante, pour la pratiquer vous devez \u00eatre en bonne sant\u00e9\u00a0et n&#8217;\u00eatre affect\u00e9 d&#8217;aucun trouble physique (troubles <em>cardiaques<\/em>, dos, colonne vert\u00e9brale&#8230;)<\/p>\n<p>Activit\u00e9 fortement d\u00e9conseill\u00e9e aux femmes enceintes.<\/p>\n<p>L&#8217;\u00cele de loisirs se r\u00e9serve le droit d&#8217;annuler les stages s&#8217;il y a moins de 5 inscrits.<\/p>\n<p>Parking gratuit sur pr\u00e9sentation de la facture. En cas d&#8217;absence du caissier, sonnez \u00e0 l&#8217;interphone.<\/p>\n","protected":false},"excerpt":{"rendered":"<p>Le stage du soir vitesse r\u00e9duite permet de s&#8217;initier au kneeboard, au ski nautique ou au wakeboard dans des conditions id\u00e9ales pour d\u00e9buter, gr\u00e2ce \u00e0 une vitesse adapt\u00e9e!<\/p>\n","protected":false},"featured_media":172210,"comment_status":"open","ping_status":"closed","template":"","meta":[],"product_brand":[],"product_cat":[8],"product_tag":[],"class_list":{"0":"post-172208","1":"product","2":"type-product","3":"status-publish","4":"has-post-thumbnail","6":"product_cat-teleski-nautique","8":"first","9":"instock","10":"virtual","11":"taxable","12":"purchasable","13":"product-type-appointment"},"_links":{"self":[{"href":"https:\/\/cergy-pontoise.iledeloisirs.fr\/boutique\/wp-json\/wp\/v2\/product\/172208","targetHints":{"allow":["GET"]}}],"collection":[{"href":"https:\/\/cergy-pontoise.iledeloisirs.fr\/boutique\/wp-json\/wp\/v2\/product"}],"about":[{"href":"https:\/\/cergy-pontoise.iledeloisirs.fr\/boutique\/wp-json\/wp\/v2\/types\/product"}],"replies":[{"embeddable":true,"href":"https:\/\/cergy-pontoise.iledeloisirs.fr\/boutique\/wp-json\/wp\/v2\/comments?post=172208"}],"wp:featuredmedia":[{"embeddable":true,"href":"https:\/\/cergy-pontoise.iledeloisirs.fr\/boutique\/wp-json\/wp\/v2\/media\/172210"}],"wp:attachment":[{"href":"https:\/\/cergy-pontoise.iledeloisirs.fr\/boutique\/wp-json\/wp\/v2\/media?parent=172208"}],"wp:term":[{"taxonomy":"product_brand","embeddable":true,"href":"https:\/\/cergy-pontoise.iledeloisirs.fr\/boutique\/wp-json\/wp\/v2\/product_brand?post=172208"},{"taxonomy":"product_cat","embeddable":true,"href":"https:\/\/cergy-pontoise.iledeloisirs.fr\/boutique\/wp-json\/wp\/v2\/product_cat?post=172208"},{"taxonomy":"product_tag","embeddable":true,"href":"https:\/\/cergy-pontoise.iledeloisirs.fr\/boutique\/wp-json\/wp\/v2\/product_tag?post=172208"}],"curies":[{"name":"wp","href":"https:\/\/api.w.org\/{rel}","templated":true}]}}