{"id":173410,"date":"2026-03-02T13:43:39","date_gmt":"2026-03-02T12:43:39","guid":{"rendered":"https:\/\/cergy-pontoise.iledeloisirs.fr\/boutique\/?post_type=product&#038;p=173410"},"modified":"2026-04-05T11:27:20","modified_gmt":"2026-04-05T09:27:20","slug":"paddle-3-places","status":"publish","type":"product","link":"https:\/\/cergy-pontoise.iledeloisirs.fr\/boutique\/produit\/paddle-3-places\/","title":{"rendered":"Paddle 3 places"},"content":{"rendered":"<ul>\n<li><strong>Attention : la r\u00e9servation sur la boutique en ligne n\u2019est destin\u00e9e qu\u2019aux particuliers. Pour les \u00e9coles et centres de loisirs, merci de vous rendre sur cette <\/strong><a href=\"https:\/\/cergy-pontoise.iledeloisirs.fr\/devis\/\"><strong>page.<\/strong><\/a><\/li>\n<li><strong>Cr\u00e9neaux<\/strong> :<\/li>\n<li style=\"list-style-type: none\"><\/li>\n<li><strong>Du 4 avril au 27 septembre :<\/strong><\/li>\n<\/ul>\n<p>Du 4 avril au 17 avril : mercredi, weekend et jours f\u00e9ri\u00e9s 14h-18h<\/p>\n<p>Du 18 avril au 3 mai : tous les jours 14h-18h<\/p>\n<p>Mai et Septembre : mercredi 14h-18h \/ weekend et jours f\u00e9ri\u00e9s 14h-19h<\/p>\n<p>Du 1er juin au 31 Ao\u00fbt : semaine 14h-19h \/ weekend et jours f\u00e9ri\u00e9s 14h-20h<\/p>\n<ul>\n<li><strong>Lieu :<\/strong><\/li>\n<\/ul>\n<p>Parking P3, centre multisport<\/p>\n<p>Parking payant, 5\u20ac ou 7\u20ac\/v\u00e9hicule pour la journ\u00e9e<\/p>\n<ul>\n<li><strong>Dur\u00e9e<\/strong> : 1h de pratique<\/li>\n<li><strong>Tarif<\/strong> : 25\u20ac<\/li>\n<li><strong>Conditions d&#8217;acc\u00e8s particuli\u00e8re:<\/strong>\n<ul>\n<li>Pi\u00e8ce d&#8217;identit\u00e9 \u00e0 pr\u00e9senter sur place<\/li>\n<li>Possibilit\u00e9 d\u2019arr\u00eat temporaire de l\u2019activit\u00e9 en cas d&#8217;orage.<\/li>\n<li>Les navigants ont tous 5 ans ou plus.<\/li>\n<li>Pr\u00e9sence d&#8217;un majeur dans l\u2019embarcation pour les \u2013 de 14 ans.<\/li>\n<li>De 14 ans \u00e0 18 ans : attestation savoir nager Ile de Loisirs sign\u00e9e par le tuteur l\u00e9gal accompagn\u00e9e de la photocopie de la pi\u00e8ce d&#8217;identit\u00e9 recto\/verso. <a href=\"https:\/\/cergy-pontoise.iledeloisirs.fr\/boutique\/app\/uploads\/2025\/01\/Autorisation-parentale-de-pratique-de-la-location-nautique.pdf\">lien<\/a><\/li>\n<li>Tous les pratiquants doivent savoir nager 25m avec immersion de la t\u00eate.<\/li>\n<li>Toute heure d\u00e9pass\u00e9e est due, tout retard sera d\u00e9duit de votre r\u00e9servation.<\/li>\n<li>Code du sport : chaussures ferm\u00e9es obligatoires pour tous<\/li>\n<\/ul>\n<\/li>\n<\/ul>\n<p>En cas de non-respect des r\u00e8gles \u00e9nonc\u00e9es ci dessus, l\u2019\u00eele de loisirs s\u2019accorde le droit d\u2019interrompre l\u2019activit\u00e9 de location sans possibilit\u00e9 de remboursement.<\/p>\n<p>Chaque client s&#8217;engage \u00e0 venir sur l&#8217;horaire pr\u00e9cis de sa r\u00e9servation. Nous vous conseillons d&#8217;acc\u00e9der \u00e0 l&#8217;\u00cele de loisirs au minimum 20 minutes avant l&#8217;heure de votre r\u00e9servation.<\/p>\n<p>Activit\u00e9 fortement d\u00e9conseill\u00e9e aux femmes enceintes.<\/p>\n","protected":false},"excerpt":{"rendered":"<p><strong>D\u00e9tente et partage !<\/strong><\/p>\n<p>Seul, en famille ou entre amis, profitez du plus grand plan d&#8217;eau de l&#8217;\u00cele de loisirs. Aventurez vous sur l&#8217;Etang de la Folie!<\/p>\n<p>Cette activit\u00e9 est id\u00e9ale pour une balade d\u00e9tente ou sportive. Les embarcations sont accessibles \u00e0 tous, gr\u00e2ce \u00e0 la grande flotte de paddle allant de 1 \u00e0 8 places!<\/p>\n","protected":false},"featured_media":30855,"comment_status":"open","ping_status":"closed","template":"","meta":[],"product_brand":[],"product_cat":[38],"product_tag":[],"class_list":{"0":"post-173410","1":"product","2":"type-product","3":"status-publish","4":"has-post-thumbnail","6":"product_cat-kayak-paddle","8":"first","9":"instock","10":"featured","11":"virtual","12":"taxable","13":"purchasable","14":"product-type-appointment"},"_links":{"self":[{"href":"https:\/\/cergy-pontoise.iledeloisirs.fr\/boutique\/wp-json\/wp\/v2\/product\/173410","targetHints":{"allow":["GET"]}}],"collection":[{"href":"https:\/\/cergy-pontoise.iledeloisirs.fr\/boutique\/wp-json\/wp\/v2\/product"}],"about":[{"href":"https:\/\/cergy-pontoise.iledeloisirs.fr\/boutique\/wp-json\/wp\/v2\/types\/product"}],"replies":[{"embeddable":true,"href":"https:\/\/cergy-pontoise.iledeloisirs.fr\/boutique\/wp-json\/wp\/v2\/comments?post=173410"}],"wp:featuredmedia":[{"embeddable":true,"href":"https:\/\/cergy-pontoise.iledeloisirs.fr\/boutique\/wp-json\/wp\/v2\/media\/30855"}],"wp:attachment":[{"href":"https:\/\/cergy-pontoise.iledeloisirs.fr\/boutique\/wp-json\/wp\/v2\/media?parent=173410"}],"wp:term":[{"taxonomy":"product_brand","embeddable":true,"href":"https:\/\/cergy-pontoise.iledeloisirs.fr\/boutique\/wp-json\/wp\/v2\/product_brand?post=173410"},{"taxonomy":"product_cat","embeddable":true,"href":"https:\/\/cergy-pontoise.iledeloisirs.fr\/boutique\/wp-json\/wp\/v2\/product_cat?post=173410"},{"taxonomy":"product_tag","embeddable":true,"href":"https:\/\/cergy-pontoise.iledeloisirs.fr\/boutique\/wp-json\/wp\/v2\/product_tag?post=173410"}],"curies":[{"name":"wp","href":"https:\/\/api.w.org\/{rel}","templated":true}]}}