{"id":174839,"date":"2026-03-20T10:36:58","date_gmt":"2026-03-20T09:36:58","guid":{"rendered":"https:\/\/cergy-pontoise.iledeloisirs.fr\/boutique\/?post_type=product&#038;p=174839"},"modified":"2026-04-03T12:15:58","modified_gmt":"2026-04-03T10:15:58","slug":"rafting-bapteme-encadre","status":"publish","type":"product","link":"https:\/\/cergy-pontoise.iledeloisirs.fr\/boutique\/produit\/rafting-bapteme-encadre\/","title":{"rendered":"Eau Vive &#8211; Bapt\u00eame encadr\u00e9"},"content":{"rendered":"<p><strong>Seul ou \u00e0 plusieurs venez d\u00e9couvrir l&#8217;eau vive en toute s\u00e9r\u00e9nit\u00e9 !<\/strong><\/p>\n<p>Accessible d\u00e8s 7 ans, un moniteur est pr\u00e9sent dans l&#8217;embarcation et vous accompagne pour 2 descentes de rivi\u00e8re.<\/p>\n<p>Cr\u00e9neau d&#8217;une trentaine minutes dont environ 15 minutes d\u00e9di\u00e9es \u00e0 l&#8217;\u00e9quipement et au briefing de s\u00e9curit\u00e9 et 15 minutes d\u2019activit\u00e9 sur l\u2019eau.<\/p>\n<p>Vente de chaussures ferm\u00e9es sur place possible.<\/p>\n<ul>\n<li><strong>Cr\u00e9neaux<\/strong> : horaires variables<\/li>\n<li><strong>P\u00e9riode <\/strong>: 20 avril au 2 Novembre 2026<\/li>\n<li><strong>Dur\u00e9e\u00a0<\/strong>: 15 minutes sur l&#8217;eau<\/li>\n<li><strong>Nombre de personnes :<\/strong> 4 maximum par embarcation<\/li>\n<\/ul>\n<p><span style=\"text-decoration: underline\"><strong>Conditions \u00e0 valider\u00a0:<\/strong><\/span><\/p>\n<ol>\n<li>Avoir 7 ans ou plus<\/li>\n<li>Savoir nager 25 m\u00e8tres (brevet de natation obligatoire pour les mineurs, \u00e0 pr\u00e9senter sur place)<\/li>\n<li>Pr\u00e9voir des chaussures ferm\u00e9es, obligatoires pour la pratique<\/li>\n<li>4 personnes maximum par embarcation<\/li>\n<\/ol>\n<p>Le rafting est une activit\u00e9 engageante, pour la pratiquer vous devez \u00eatre en bonne sant\u00e9\u00a0et n&#8217;\u00eatre affect\u00e9 d&#8217;aucun trouble physique (troubles cardiaques, dos, colonne vert\u00e9brale&#8230;)<\/p>\n<p>Activit\u00e9 fortement d\u00e9conseill\u00e9e aux femmes enceintes.<\/p>\n<div id=\"sconnect-is-installed\"><em><strong>Envoyez votre demande de cr\u00e9neaux \u00e0: <a href=\"mailto:contact@cergy-pontoise.iledeloisirs.fr\">contact@cergy-pontoise.iledeloisirs.fr<\/a>.<\/strong><\/em><\/div>\n","protected":false},"excerpt":{"rendered":"<p>Du 20 Avril au 31 Octobre 2026 !<\/p>\n<p><strong>Seul ou \u00e0 plusieurs venez d\u00e9couvrir l&#8217;eau vive en toute s\u00e9r\u00e9nit\u00e9 !<\/strong><\/p>\n<p>Accessible d\u00e8s 7 ans, un moniteur est pr\u00e9sent dans l&#8217;embarcation et vous accompagne pour 2 descentes de rivi\u00e8re.<\/p>\n<p>Cr\u00e9neau d&#8217;une trentaine minutes dont environ 15 minutes d\u00e9di\u00e9es \u00e0 l&#8217;\u00e9quipement et au briefing de s\u00e9curit\u00e9 et 15 minutes d\u2019activit\u00e9 sur l\u2019eau.<\/p>\n<div id=\"sconnect-is-installed\"><em><strong>Envoyez votre demande de cr\u00e9neaux \u00e0: <a href=\"mailto:contact@cergy-pontoise.iledeloisirs.fr\">contact@cergy-pontoise.iledeloisirs.fr<\/a><\/strong><\/em><\/div>\n<div><\/div>\n<div><\/div>\n<div><\/div>\n<div><\/div>\n<div><\/div>\n","protected":false},"featured_media":174843,"comment_status":"closed","ping_status":"closed","template":"","meta":[],"product_brand":[],"product_cat":[54,9],"product_tag":[],"class_list":{"0":"post-174839","1":"product","2":"type-product","3":"status-publish","4":"has-post-thumbnail","6":"product_cat-grand-public","7":"product_cat-rafting-stadeeauvive","9":"first","10":"instock","11":"virtual","12":"taxable","13":"purchasable","14":"product-type-simple"},"_links":{"self":[{"href":"https:\/\/cergy-pontoise.iledeloisirs.fr\/boutique\/wp-json\/wp\/v2\/product\/174839","targetHints":{"allow":["GET"]}}],"collection":[{"href":"https:\/\/cergy-pontoise.iledeloisirs.fr\/boutique\/wp-json\/wp\/v2\/product"}],"about":[{"href":"https:\/\/cergy-pontoise.iledeloisirs.fr\/boutique\/wp-json\/wp\/v2\/types\/product"}],"replies":[{"embeddable":true,"href":"https:\/\/cergy-pontoise.iledeloisirs.fr\/boutique\/wp-json\/wp\/v2\/comments?post=174839"}],"wp:featuredmedia":[{"embeddable":true,"href":"https:\/\/cergy-pontoise.iledeloisirs.fr\/boutique\/wp-json\/wp\/v2\/media\/174843"}],"wp:attachment":[{"href":"https:\/\/cergy-pontoise.iledeloisirs.fr\/boutique\/wp-json\/wp\/v2\/media?parent=174839"}],"wp:term":[{"taxonomy":"product_brand","embeddable":true,"href":"https:\/\/cergy-pontoise.iledeloisirs.fr\/boutique\/wp-json\/wp\/v2\/product_brand?post=174839"},{"taxonomy":"product_cat","embeddable":true,"href":"https:\/\/cergy-pontoise.iledeloisirs.fr\/boutique\/wp-json\/wp\/v2\/product_cat?post=174839"},{"taxonomy":"product_tag","embeddable":true,"href":"https:\/\/cergy-pontoise.iledeloisirs.fr\/boutique\/wp-json\/wp\/v2\/product_tag?post=174839"}],"curies":[{"name":"wp","href":"https:\/\/api.w.org\/{rel}","templated":true}]}}