{"id":175859,"date":"2026-04-05T11:16:51","date_gmt":"2026-04-05T09:16:51","guid":{"rendered":"https:\/\/cergy-pontoise.iledeloisirs.fr\/boutique\/?post_type=product&#038;p=175859"},"modified":"2026-04-10T11:33:17","modified_gmt":"2026-04-10T09:33:17","slug":"9-mai-2026-paddle-3-places","status":"publish","type":"product","link":"https:\/\/cergy-pontoise.iledeloisirs.fr\/boutique\/produit\/9-mai-2026-paddle-3-places\/","title":{"rendered":"9 mai 2026 : Paddle 3 places"},"content":{"rendered":"<p><strong>Le mois de la glisse !<\/strong><\/p>\n<p>Pour la quatri\u00e8me ann\u00e9e cons\u00e9cutive, retrouvez une activit\u00e9 nautique \u00e0 un tarif exceptionnel sur 4 samedis au mois de<br \/>\nmai !<br \/>\nRafting, kayak, t\u00e9l\u00e9ski, paddle et vague \u00e0 surf n\u2019auront plus de secret pour vous gr\u00e2ce \u00e0 leur prix tout doux*.<br \/>\n1 activit\u00e9 pour le prix de 5 euros selon un calendrier pr\u00e9cis :<br \/>\n&#8211; le 9 mai : kayak et paddle<br \/>\n&#8211; le 16 mai : vague \u00e0 surf<br \/>\n&#8211; le 23 mai : t\u00e9l\u00e9ski<br \/>\n&#8211; le 30 mai : rafting<br \/>\nL\u2019acc\u00e8s \u00e0 ces activit\u00e9s est conditionn\u00e9 par l\u2019achat d\u2019un billet sur la boutique en ligne.<\/p>\n<p>&nbsp;<\/p>\n<ul>\n<li><strong>Le 9 mai 2026\u00a0<\/strong><\/li>\n<\/ul>\n<p>De 14h \u00e0 19h<\/p>\n<ul>\n<li><strong>Lieu :<\/strong><\/li>\n<\/ul>\n<p>Parking P3, centre multisport<\/p>\n<p>Parking payant, 5\u20ac v\u00e9hicule pour la journ\u00e9e<\/p>\n<ul>\n<li><strong>Dur\u00e9e<\/strong> : 30 min de pratique<\/li>\n<li><strong>Tarif<\/strong> : 5\u20ac<\/li>\n<li><strong>Conditions d&#8217;acc\u00e8s particuli\u00e8re:<\/strong>\n<ul>\n<li>Pi\u00e8ce d&#8217;identit\u00e9 \u00e0 pr\u00e9senter sur place<\/li>\n<li>Possibilit\u00e9 d\u2019arr\u00eat temporaire de l\u2019activit\u00e9 en cas d&#8217;orage.<\/li>\n<li>Les navigants ont tous 5 ans ou plus.<\/li>\n<li>Pr\u00e9sence d&#8217;un majeur dans l\u2019embarcation pour les \u2013 de 14 ans.<\/li>\n<li>De 14 ans \u00e0 18 ans : attestation savoir nager Ile de Loisirs sign\u00e9e par le tuteur l\u00e9gal accompagn\u00e9e de la photocopie de la pi\u00e8ce d&#8217;identit\u00e9 recto\/verso. <a href=\"https:\/\/cergy-pontoise.iledeloisirs.fr\/boutique\/app\/uploads\/2025\/01\/Autorisation-parentale-de-pratique-de-la-location-nautique.pdf\">lien<\/a><\/li>\n<li>Tous les pratiquants doivent savoir nager 25m avec immersion de la t\u00eate.<\/li>\n<li>Toute heure d\u00e9pass\u00e9e est due, tout retard sera d\u00e9duit de votre r\u00e9servation.<\/li>\n<li>Code du sport : chaussures ferm\u00e9es obligatoires pour tous<\/li>\n<li>Derni\u00e8re vente 1h avant la fermeture.<\/li>\n<\/ul>\n<\/li>\n<\/ul>\n<p>En cas de non-respect des r\u00e8gles \u00e9nonc\u00e9es ci dessus, l\u2019\u00eele de loisirs s\u2019accorde le droit d\u2019interrompre l\u2019activit\u00e9 de location sans possibilit\u00e9 de remboursement.<\/p>\n<p>Chaque client s&#8217;engage \u00e0 venir sur l&#8217;horaire pr\u00e9cis de sa r\u00e9servation. Nous vous conseillons d&#8217;acc\u00e9der \u00e0 l&#8217;\u00cele de loisirs au minimum 20 minutes avant l&#8217;heure de votre r\u00e9servation.<\/p>\n<p>Activit\u00e9 fortement d\u00e9conseill\u00e9e aux femmes enceintes.<\/p>\n","protected":false},"excerpt":{"rendered":"<p><strong>D\u00e9tente et partage !<\/strong><\/p>\n<p>&nbsp;<\/p>\n","protected":false},"featured_media":30855,"comment_status":"open","ping_status":"closed","template":"","meta":[],"product_brand":[],"product_cat":[38],"product_tag":[61],"class_list":{"0":"post-175859","1":"product","2":"type-product","3":"status-publish","4":"has-post-thumbnail","6":"product_cat-kayak-paddle","7":"product_tag-mois-de-la-glisse","9":"first","10":"instock","11":"featured","12":"virtual","13":"taxable","14":"purchasable","15":"product-type-appointment"},"_links":{"self":[{"href":"https:\/\/cergy-pontoise.iledeloisirs.fr\/boutique\/wp-json\/wp\/v2\/product\/175859","targetHints":{"allow":["GET"]}}],"collection":[{"href":"https:\/\/cergy-pontoise.iledeloisirs.fr\/boutique\/wp-json\/wp\/v2\/product"}],"about":[{"href":"https:\/\/cergy-pontoise.iledeloisirs.fr\/boutique\/wp-json\/wp\/v2\/types\/product"}],"replies":[{"embeddable":true,"href":"https:\/\/cergy-pontoise.iledeloisirs.fr\/boutique\/wp-json\/wp\/v2\/comments?post=175859"}],"wp:featuredmedia":[{"embeddable":true,"href":"https:\/\/cergy-pontoise.iledeloisirs.fr\/boutique\/wp-json\/wp\/v2\/media\/30855"}],"wp:attachment":[{"href":"https:\/\/cergy-pontoise.iledeloisirs.fr\/boutique\/wp-json\/wp\/v2\/media?parent=175859"}],"wp:term":[{"taxonomy":"product_brand","embeddable":true,"href":"https:\/\/cergy-pontoise.iledeloisirs.fr\/boutique\/wp-json\/wp\/v2\/product_brand?post=175859"},{"taxonomy":"product_cat","embeddable":true,"href":"https:\/\/cergy-pontoise.iledeloisirs.fr\/boutique\/wp-json\/wp\/v2\/product_cat?post=175859"},{"taxonomy":"product_tag","embeddable":true,"href":"https:\/\/cergy-pontoise.iledeloisirs.fr\/boutique\/wp-json\/wp\/v2\/product_tag?post=175859"}],"curies":[{"name":"wp","href":"https:\/\/api.w.org\/{rel}","templated":true}]}}