{"id":177869,"date":"2026-04-21T16:52:09","date_gmt":"2026-04-21T14:52:09","guid":{"rendered":"https:\/\/cergy-pontoise.iledeloisirs.fr\/boutique\/?post_type=product&#038;p=177869"},"modified":"2026-04-22T14:45:07","modified_gmt":"2026-04-22T12:45:07","slug":"apprendre-a-nager-7-12-ans-du-20-au-24-juillet-13h","status":"publish","type":"product","link":"https:\/\/cergy-pontoise.iledeloisirs.fr\/boutique\/produit\/apprendre-a-nager-7-12-ans-du-20-au-24-juillet-13h\/","title":{"rendered":"Apprendre \u00e0 nager, 7-12 ans, du 20 au 24 juillet &#8211; 13h"},"content":{"rendered":"<p><strong>Apprendre \u00e0 nager 7-12 ans<\/strong><\/p>\n<ul>\n<li>Le bassin d&#8217;apprentissage permet aux enfants de 7 \u00e0 12 ans de progresser en natation, gr\u00e2ce \u00e0 un cycle de s\u00e9ances encadr\u00e9es par un ma\u00eetre nageur.<\/li>\n<li><strong>Pour 10\u20ac, profitez de 5 s\u00e9ances<\/strong> : 45 minutes par jour, <strong>du lundi au vendredi, \u00e0 13h.<\/strong><\/li>\n<\/ul>\n<p>Pr\u00e9sence d&#8217;un accompagnant majeur obligatoire.<\/p>\n<p>L&#8217;inscription permet d&#8217;acc\u00e9der \u00e0 l&#8217;espace de baignade pour l&#8217;enfant + l&#8217;accompagnant <em>(1 accompagnant maximum).<\/em> Apr\u00e8s la s\u00e9ance ils pourront profiter de la plage de l&#8217;\u00cele de loisirs.<\/p>\n<p>L&#8217;entr\u00e9e pour le bassin d&#8217;apprentissage se fait par le portail gris, \u00e0 droite apr\u00e8s l&#8217;entr\u00e9e publique \u00e0 la plage.<\/p>\n<p>Munissez-vous de votre confirmation de r\u00e9servation pour acc\u00e9der au bassin d&#8217;apprentissage.<\/p>\n<p>A pr\u00e9voir par les accompagnants : affaires de bain, cr\u00e8me solaire, serviette, eau, change complet.<\/p>\n<p>Conseil : acc\u00e8s \u00e0 l&#8217;\u00cele de loisirs 45 minutes avant le d\u00e9but de la s\u00e9ance.<\/p>\n<p>Parking payant : 7\u20ac\/v\u00e9hicule\/ jour ou forfait juin, juillet ao\u00fbt \u00e0 35\u20ac.<\/p>\n","protected":false},"excerpt":{"rendered":"<p>Le bassin d&#8217;apprentissage permet aux enfants de 7 \u00e0 12 ans de progresser en natation, gr\u00e2ce \u00e0 un cycle de s\u00e9ances encadr\u00e9es par un ma\u00eetre nageur.<\/p>\n<p><strong>Pour <\/strong><strong>10\u20ac, profitez de 5 s\u00e9ances<\/strong> : 45 minutes par jour, <strong>du lundi au vendredi, \u00e0 13h.<\/strong><\/p>\n","protected":false},"featured_media":37627,"comment_status":"open","ping_status":"closed","template":"","meta":[],"product_brand":[],"product_cat":[40,42],"product_tag":[],"class_list":{"0":"post-177869","1":"product","2":"type-product","3":"status-publish","4":"has-post-thumbnail","6":"product_cat-cours-natation","7":"product_cat-apprendre-a-nager-7-a-12-ans","9":"first","10":"instock","11":"virtual","12":"sold-individually","13":"purchasable","14":"product-type-simple"},"_links":{"self":[{"href":"https:\/\/cergy-pontoise.iledeloisirs.fr\/boutique\/wp-json\/wp\/v2\/product\/177869","targetHints":{"allow":["GET"]}}],"collection":[{"href":"https:\/\/cergy-pontoise.iledeloisirs.fr\/boutique\/wp-json\/wp\/v2\/product"}],"about":[{"href":"https:\/\/cergy-pontoise.iledeloisirs.fr\/boutique\/wp-json\/wp\/v2\/types\/product"}],"replies":[{"embeddable":true,"href":"https:\/\/cergy-pontoise.iledeloisirs.fr\/boutique\/wp-json\/wp\/v2\/comments?post=177869"}],"wp:featuredmedia":[{"embeddable":true,"href":"https:\/\/cergy-pontoise.iledeloisirs.fr\/boutique\/wp-json\/wp\/v2\/media\/37627"}],"wp:attachment":[{"href":"https:\/\/cergy-pontoise.iledeloisirs.fr\/boutique\/wp-json\/wp\/v2\/media?parent=177869"}],"wp:term":[{"taxonomy":"product_brand","embeddable":true,"href":"https:\/\/cergy-pontoise.iledeloisirs.fr\/boutique\/wp-json\/wp\/v2\/product_brand?post=177869"},{"taxonomy":"product_cat","embeddable":true,"href":"https:\/\/cergy-pontoise.iledeloisirs.fr\/boutique\/wp-json\/wp\/v2\/product_cat?post=177869"},{"taxonomy":"product_tag","embeddable":true,"href":"https:\/\/cergy-pontoise.iledeloisirs.fr\/boutique\/wp-json\/wp\/v2\/product_tag?post=177869"}],"curies":[{"name":"wp","href":"https:\/\/api.w.org\/{rel}","templated":true}]}}