{"id":23705,"date":"2021-06-09T15:46:37","date_gmt":"2021-06-09T13:46:37","guid":{"rendered":"https:\/\/cergy-pontoise.iledeloisirs.fr\/boutique\/?post_type=product&#038;p=23705"},"modified":"2026-04-29T16:07:56","modified_gmt":"2026-04-29T14:07:56","slug":"tennis","status":"publish","type":"product","link":"https:\/\/cergy-pontoise.iledeloisirs.fr\/boutique\/produit\/tennis\/","title":{"rendered":"Tennis"},"content":{"rendered":"<p>L&#8217;\u00cele de loisirs dispose de 4 terrains de tennis<strong> ext\u00e9rieurs<\/strong> accessibles en toute autonomie : apr\u00e8s r\u00e9servation sur la boutique en ligne vous recevrez le code d&#8217;acc\u00e8s valable sur le cr\u00e9neau choisi.<\/p>\n<p><strong>Tarifs :<\/strong><\/p>\n<p>1 heure = 2 cr\u00e9dits<\/p>\n<p>1 cr\u00e9dit = 7\u20ac<\/p>\n<p>30 cr\u00e9dits = 180\u20ac<\/p>\n<p>Parking payant en saison : 5\u20ac\/7\u20ac par v\u00e9hicule<\/p>\n<p>Les courts ne sont pas \u00e9clair\u00e9s.<\/p>\n","protected":false},"excerpt":{"rendered":"<p>L&#8217;\u00cele de loisirs dispose de 4 terrains de tennis ext\u00e9rieurs accessibles en toute autonomie : apr\u00e8s r\u00e9servation sur la boutique en ligne vous recevrez le code d&#8217;acc\u00e8s valable sur le cr\u00e9neau choisi.<\/p>\n","protected":false},"featured_media":25339,"comment_status":"open","ping_status":"closed","template":"","meta":[],"product_brand":[],"product_cat":[31],"product_tag":[],"class_list":{"0":"post-23705","1":"product","2":"type-product","3":"status-publish","4":"has-post-thumbnail","6":"product_cat-tennis-et-padel","8":"first","9":"instock","10":"virtual","11":"taxable","12":"purchasable","13":"product-type-appointment"},"_links":{"self":[{"href":"https:\/\/cergy-pontoise.iledeloisirs.fr\/boutique\/wp-json\/wp\/v2\/product\/23705","targetHints":{"allow":["GET"]}}],"collection":[{"href":"https:\/\/cergy-pontoise.iledeloisirs.fr\/boutique\/wp-json\/wp\/v2\/product"}],"about":[{"href":"https:\/\/cergy-pontoise.iledeloisirs.fr\/boutique\/wp-json\/wp\/v2\/types\/product"}],"replies":[{"embeddable":true,"href":"https:\/\/cergy-pontoise.iledeloisirs.fr\/boutique\/wp-json\/wp\/v2\/comments?post=23705"}],"wp:featuredmedia":[{"embeddable":true,"href":"https:\/\/cergy-pontoise.iledeloisirs.fr\/boutique\/wp-json\/wp\/v2\/media\/25339"}],"wp:attachment":[{"href":"https:\/\/cergy-pontoise.iledeloisirs.fr\/boutique\/wp-json\/wp\/v2\/media?parent=23705"}],"wp:term":[{"taxonomy":"product_brand","embeddable":true,"href":"https:\/\/cergy-pontoise.iledeloisirs.fr\/boutique\/wp-json\/wp\/v2\/product_brand?post=23705"},{"taxonomy":"product_cat","embeddable":true,"href":"https:\/\/cergy-pontoise.iledeloisirs.fr\/boutique\/wp-json\/wp\/v2\/product_cat?post=23705"},{"taxonomy":"product_tag","embeddable":true,"href":"https:\/\/cergy-pontoise.iledeloisirs.fr\/boutique\/wp-json\/wp\/v2\/product_tag?post=23705"}],"curies":[{"name":"wp","href":"https:\/\/api.w.org\/{rel}","templated":true}]}}