{"id":23710,"date":"2021-10-05T10:29:46","date_gmt":"2021-10-05T08:29:46","guid":{"rendered":"https:\/\/cergy-pontoise.iledeloisirs.fr\/boutique\/?post_type=product&#038;p=23710"},"modified":"2026-01-01T22:29:58","modified_gmt":"2026-01-01T21:29:58","slug":"credits","status":"publish","type":"product","link":"https:\/\/cergy-pontoise.iledeloisirs.fr\/boutique\/produit\/credits\/","title":{"rendered":"Cr\u00e9dits"},"content":{"rendered":"<p>Simplifiez vos r\u00e9servations et b\u00e9n\u00e9ficiez d&#8217;une offre tr\u00e8s avantageuse en achetant des cr\u00e9dits.<\/p>\n<p>Les cr\u00e9dits vous permettent d&#8217;acc\u00e9der aux courts de tennis et padel.<\/p>\n<p>1 cr\u00e9dit = 7\u20ac<\/p>\n<p>30 cr\u00e9dits = 180\u20ac<\/p>\n<p>&nbsp;<\/p>\n<p>L&#8217;acc\u00e8s aux terrains co\u00fbte 2 cr\u00e9dits pour le tennis et 3 cr\u00e9dits pour le padel.<\/p>\n<p>&nbsp;<\/p>\n","protected":false},"excerpt":{"rendered":"<p>Simplifiez vos r\u00e9servations et b\u00e9n\u00e9ficiez d&#8217;une offre tr\u00e8s avantageuse en achetant des cr\u00e9dits. Les cr\u00e9dits vous permettent d&#8217;acc\u00e9der aux courts de tennis et padel. 1 cr\u00e9dit<span class=\"excerpt-hellip\"> [\u2026]<\/span><\/p>\n","protected":false},"featured_media":29640,"comment_status":"open","ping_status":"closed","template":"","meta":[],"product_brand":[],"product_cat":[34,31],"product_tag":[],"class_list":{"0":"post-23710","1":"product","2":"type-product","3":"status-publish","4":"has-post-thumbnail","6":"product_cat-credit","7":"product_cat-tennis-et-padel","9":"first","10":"instock","11":"taxable","12":"shipping-taxable","13":"purchasable","14":"product-type-variable"},"_links":{"self":[{"href":"https:\/\/cergy-pontoise.iledeloisirs.fr\/boutique\/wp-json\/wp\/v2\/product\/23710","targetHints":{"allow":["GET"]}}],"collection":[{"href":"https:\/\/cergy-pontoise.iledeloisirs.fr\/boutique\/wp-json\/wp\/v2\/product"}],"about":[{"href":"https:\/\/cergy-pontoise.iledeloisirs.fr\/boutique\/wp-json\/wp\/v2\/types\/product"}],"replies":[{"embeddable":true,"href":"https:\/\/cergy-pontoise.iledeloisirs.fr\/boutique\/wp-json\/wp\/v2\/comments?post=23710"}],"wp:featuredmedia":[{"embeddable":true,"href":"https:\/\/cergy-pontoise.iledeloisirs.fr\/boutique\/wp-json\/wp\/v2\/media\/29640"}],"wp:attachment":[{"href":"https:\/\/cergy-pontoise.iledeloisirs.fr\/boutique\/wp-json\/wp\/v2\/media?parent=23710"}],"wp:term":[{"taxonomy":"product_brand","embeddable":true,"href":"https:\/\/cergy-pontoise.iledeloisirs.fr\/boutique\/wp-json\/wp\/v2\/product_brand?post=23710"},{"taxonomy":"product_cat","embeddable":true,"href":"https:\/\/cergy-pontoise.iledeloisirs.fr\/boutique\/wp-json\/wp\/v2\/product_cat?post=23710"},{"taxonomy":"product_tag","embeddable":true,"href":"https:\/\/cergy-pontoise.iledeloisirs.fr\/boutique\/wp-json\/wp\/v2\/product_tag?post=23710"}],"curies":[{"name":"wp","href":"https:\/\/api.w.org\/{rel}","templated":true}]}}