{"id":56170,"date":"2023-03-10T15:59:37","date_gmt":"2023-03-10T14:59:37","guid":{"rendered":"https:\/\/cergy-pontoise.iledeloisirs.fr\/boutique\/?post_type=product&#038;p=56170"},"modified":"2026-03-20T10:14:47","modified_gmt":"2026-03-20T09:14:47","slug":"rafting-anniv-evg-evjf","status":"publish","type":"product","link":"https:\/\/cergy-pontoise.iledeloisirs.fr\/boutique\/produit\/rafting-anniv-evg-evjf\/","title":{"rendered":"Rafting &#8211; Groupe encadr\u00e9 jusqu&#8217;\u00e0 8 personnes (Anniversaire, EVG, EVJF,&#8230;)"},"content":{"rendered":"<p><strong>Une session d&#8217;eau vive hors du commun!<\/strong><\/p>\n<p>Cette session sp\u00e9ciale vous permet de profiter de la pr\u00e9sence d&#8217;un moniteur avec votre groupe.<\/p>\n<p>L&#8217;encadrant proposera le d\u00e9roul\u00e9 de s\u00e9ance le plus adapt\u00e9 au profil de votre groupe pour cr\u00e9er le meilleur souvenir!<\/p>\n<p>Cr\u00e9neau d\u20191h30: 30 minutes d\u00e9di\u00e9es \u00e0 l&#8217;\u00e9quipement et au briefing de s\u00e9curit\u00e9 et environ 1 heure d\u2019activit\u00e9 sur l\u2019eau.<\/p>\n<p>Vente de chaussures ferm\u00e9es sur place possible.<\/p>\n<ul>\n<li><strong>Cr\u00e9neaux<\/strong> : horaires variables<\/li>\n<li><strong>P\u00e9riode <\/strong>: 18 avril au 2 Novembre 2026<\/li>\n<li><strong>Dur\u00e9e\u00a0<\/strong>: 1h sur l&#8217;eau<\/li>\n<li><strong>Nombre de personnes :<\/strong> 8 maximum<\/li>\n<\/ul>\n<p><span style=\"text-decoration: underline\"><strong>Conditions \u00e0 valider\u00a0:<\/strong><\/span><\/p>\n<ol>\n<li>Avoir 10 ans ou plus<\/li>\n<li>Savoir nager 25 m\u00e8tres (brevet de natation obligatoire pour les mineurs, \u00e0 pr\u00e9senter sur place)<\/li>\n<li>Pr\u00e9voir des chaussures ferm\u00e9es, obligatoires pour la pratique<\/li>\n<li>8 personnes maximum<\/li>\n<\/ol>\n<p>Le rafting est une activit\u00e9 engageante, pour la pratiquer vous devez \u00eatre en bonne sant\u00e9\u00a0et n&#8217;\u00eatre affect\u00e9 d&#8217;aucun trouble physique (troubles cardiaques, dos, colonne vert\u00e9brale&#8230;)<\/p>\n<p>Activit\u00e9 fortement d\u00e9conseill\u00e9e aux femmes enceintes.<\/p>\n<div id=\"sconnect-is-installed\"><em><strong>Envoyez votre demande de cr\u00e9neaux \u00e0: <a href=\"mailto:contact@cergy-pontoise.iledeloisirs.fr\">contact@cergy-pontoise.iledeloisirs.fr<\/a>.<\/strong><\/em><\/div>\n","protected":false},"excerpt":{"rendered":"<p>Du 20 Avril au 31 Octobre 2026 !<\/p>\n<p><strong>Un moniteur d\u00e9di\u00e9 \u00e0 votre groupe pour plus de fun!<\/strong><\/p>\n<p>A partir de 10 ans, un souvenir m\u00e9morable gr\u00e2ce \u00e0 une session d&#8217;eau vive anim\u00e9e, et adapt\u00e9e au profil de votre groupe.<\/p>\n<div id=\"sconnect-is-installed\"><em><strong>Envoyez votre demande de cr\u00e9neaux \u00e0: <a href=\"mailto:contact@cergy-pontoise.iledeloisirs.fr\">contact@cergy-pontoise.iledeloisirs.fr<\/a><\/strong><\/em><\/div>\n<div><\/div>\n<div><\/div>\n<div><\/div>\n<div><\/div>\n<div><\/div>\n","protected":false},"featured_media":125075,"comment_status":"closed","ping_status":"closed","template":"","meta":[],"product_brand":[],"product_cat":[54,9],"product_tag":[],"class_list":{"0":"post-56170","1":"product","2":"type-product","3":"status-publish","4":"has-post-thumbnail","6":"product_cat-grand-public","7":"product_cat-rafting-stadeeauvive","9":"first","10":"instock","11":"virtual","12":"taxable","13":"purchasable","14":"product-type-simple"},"_links":{"self":[{"href":"https:\/\/cergy-pontoise.iledeloisirs.fr\/boutique\/wp-json\/wp\/v2\/product\/56170","targetHints":{"allow":["GET"]}}],"collection":[{"href":"https:\/\/cergy-pontoise.iledeloisirs.fr\/boutique\/wp-json\/wp\/v2\/product"}],"about":[{"href":"https:\/\/cergy-pontoise.iledeloisirs.fr\/boutique\/wp-json\/wp\/v2\/types\/product"}],"replies":[{"embeddable":true,"href":"https:\/\/cergy-pontoise.iledeloisirs.fr\/boutique\/wp-json\/wp\/v2\/comments?post=56170"}],"wp:featuredmedia":[{"embeddable":true,"href":"https:\/\/cergy-pontoise.iledeloisirs.fr\/boutique\/wp-json\/wp\/v2\/media\/125075"}],"wp:attachment":[{"href":"https:\/\/cergy-pontoise.iledeloisirs.fr\/boutique\/wp-json\/wp\/v2\/media?parent=56170"}],"wp:term":[{"taxonomy":"product_brand","embeddable":true,"href":"https:\/\/cergy-pontoise.iledeloisirs.fr\/boutique\/wp-json\/wp\/v2\/product_brand?post=56170"},{"taxonomy":"product_cat","embeddable":true,"href":"https:\/\/cergy-pontoise.iledeloisirs.fr\/boutique\/wp-json\/wp\/v2\/product_cat?post=56170"},{"taxonomy":"product_tag","embeddable":true,"href":"https:\/\/cergy-pontoise.iledeloisirs.fr\/boutique\/wp-json\/wp\/v2\/product_tag?post=56170"}],"curies":[{"name":"wp","href":"https:\/\/api.w.org\/{rel}","templated":true}]}}