{"id":59903,"date":"2023-05-16T14:18:17","date_gmt":"2023-05-16T12:18:17","guid":{"rendered":"https:\/\/cergy-pontoise.iledeloisirs.fr\/boutique\/?post_type=product&#038;p=59903"},"modified":"2026-05-05T09:41:37","modified_gmt":"2026-05-05T07:41:37","slug":"padel-eclaire-en-soiree","status":"publish","type":"product","link":"https:\/\/cergy-pontoise.iledeloisirs.fr\/boutique\/produit\/padel-eclaire-en-soiree\/","title":{"rendered":"Padel, nouveaux terrains"},"content":{"rendered":"<p>Le padel est un sport de raquette d\u00e9riv\u00e9 du tennis, il se joue sur un court plus petit, encadr\u00e9 de murs et de grillages.<\/p>\n<p>Le calcul du score est le m\u00eame qu&#8217;au tennis et les balles utilis\u00e9es ont une pression l\u00e9g\u00e8rement inf\u00e9rieure. Il est jou\u00e9 uniquement en double et le service doit s&#8217;effectuer \u00e0 la cuill\u00e8re. Sa plus grande diff\u00e9rence avec le tennis, cependant, est que les balles peuvent \u00eatre jou\u00e9es apr\u00e8s rebonds sur les murs ou le grillage, d&#8217;une mani\u00e8re similaire au squash.<\/p>\n<p>L&#8217;\u00cele de loisirs dispose de 6 terrains ext\u00e9rieur accessibles en toute autonomie : apr\u00e8s r\u00e9servation sur la boutique en ligne vous recevrez le code d&#8217;acc\u00e8s valable sur le cr\u00e9neau choisi.<\/p>\n<p><strong>Tarifs :<\/strong><\/p>\n<p>1 heure = 3 cr\u00e9dits<\/p>\n<p>1 cr\u00e9dit = 7\u20ac<\/p>\n<p>30 cr\u00e9dits = 180\u20ac<\/p>\n<p>Parking payant en saison : 5\u20ac\/7\u20ac par v\u00e9hicule<\/p>\n<p>&nbsp;<\/p>\n<p>Raquettes disponibles en location de\u00a0 10h \u00e0 12h et de 14h \u00e0 16h.<\/p>\n<p>Balles disponibles \u00e0 l&#8217;achat de\u00a0 10h \u00e0 12h et de 14h \u00e0 16h. 2,5\u20ac\/balle.<\/p>\n<p>&nbsp;<\/p>\n<p>Les terrains sont \u00e9clair\u00e9s.<\/p>\n","protected":false},"excerpt":{"rendered":"<p>R\u00e9servez votre cr\u00e9neau d\u2019activit\u00e9, en cr\u00e9dits ou en euros<\/p>\n<p>Vous recevez un code d\u2019acc\u00e8s par mail, pour l\u2019heure de votre r\u00e9servation. Bonne partie !<\/p>\n<p>Les terrains peuvent \u00eatre \u00e9clair\u00e9s le soir avec un minuteur disponible sur place.<\/p>\n","protected":false},"featured_media":25329,"comment_status":"open","ping_status":"closed","template":"","meta":[],"product_brand":[],"product_cat":[31],"product_tag":[],"class_list":{"0":"post-59903","1":"product","2":"type-product","3":"status-publish","4":"has-post-thumbnail","6":"product_cat-tennis-et-padel","8":"first","9":"instock","10":"virtual","11":"taxable","12":"purchasable","13":"product-type-appointment"},"_links":{"self":[{"href":"https:\/\/cergy-pontoise.iledeloisirs.fr\/boutique\/wp-json\/wp\/v2\/product\/59903","targetHints":{"allow":["GET"]}}],"collection":[{"href":"https:\/\/cergy-pontoise.iledeloisirs.fr\/boutique\/wp-json\/wp\/v2\/product"}],"about":[{"href":"https:\/\/cergy-pontoise.iledeloisirs.fr\/boutique\/wp-json\/wp\/v2\/types\/product"}],"replies":[{"embeddable":true,"href":"https:\/\/cergy-pontoise.iledeloisirs.fr\/boutique\/wp-json\/wp\/v2\/comments?post=59903"}],"wp:featuredmedia":[{"embeddable":true,"href":"https:\/\/cergy-pontoise.iledeloisirs.fr\/boutique\/wp-json\/wp\/v2\/media\/25329"}],"wp:attachment":[{"href":"https:\/\/cergy-pontoise.iledeloisirs.fr\/boutique\/wp-json\/wp\/v2\/media?parent=59903"}],"wp:term":[{"taxonomy":"product_brand","embeddable":true,"href":"https:\/\/cergy-pontoise.iledeloisirs.fr\/boutique\/wp-json\/wp\/v2\/product_brand?post=59903"},{"taxonomy":"product_cat","embeddable":true,"href":"https:\/\/cergy-pontoise.iledeloisirs.fr\/boutique\/wp-json\/wp\/v2\/product_cat?post=59903"},{"taxonomy":"product_tag","embeddable":true,"href":"https:\/\/cergy-pontoise.iledeloisirs.fr\/boutique\/wp-json\/wp\/v2\/product_tag?post=59903"}],"curies":[{"name":"wp","href":"https:\/\/api.w.org\/{rel}","templated":true}]}}