{"id":85967,"date":"2024-01-18T09:41:23","date_gmt":"2024-01-18T08:41:23","guid":{"rendered":"https:\/\/cergy-pontoise.iledeloisirs.fr\/boutique\/?post_type=product&#038;p=85967"},"modified":"2026-04-10T11:34:52","modified_gmt":"2026-04-10T09:34:52","slug":"4-mai-teleski-nautique","status":"publish","type":"product","link":"https:\/\/cergy-pontoise.iledeloisirs.fr\/boutique\/produit\/4-mai-teleski-nautique\/","title":{"rendered":"23 mai : t\u00e9l\u00e9ski nautique"},"content":{"rendered":"<p><strong>Le mois de la glisse !<\/strong><\/p>\n<p>Pour la quatri\u00e8me ann\u00e9e cons\u00e9cutive, retrouvez une activit\u00e9 nautique \u00e0 un tarif exceptionnel sur 4 samedis au mois de<br \/>\nmai !<br \/>\nRafting, kayak, t\u00e9l\u00e9ski, paddle et vague \u00e0 surf n\u2019auront plus de secret pour vous gr\u00e2ce \u00e0 leur prix tout doux*.<br \/>\n1 activit\u00e9 pour le prix de 5 euros selon un calendrier pr\u00e9cis :<br \/>\n&#8211; le 9 mai : kayak et paddle<br \/>\n&#8211; le 16 mai : vague \u00e0 surf<br \/>\n&#8211; le 23 mai : t\u00e9l\u00e9ski<br \/>\n&#8211; le 30 mai : rafting<br \/>\nL\u2019acc\u00e8s \u00e0 ces activit\u00e9s est conditionn\u00e9 par l\u2019achat d\u2019un billet sur la boutique en ligne.<\/p>\n<p><strong>Le t\u00e9l\u00e9ski nautique :<\/strong><\/p>\n<ul>\n<li>15 minutes : explications sur les r\u00e8gles de fonctionnement et de s\u00e9curit\u00e9, \u00e9quipement.<\/li>\n<li>30 minutes : pratique t\u00e9l\u00e9ski en kneeboard, ski et monoski selon le niveau du pratiquant. (Wakeboards autoris\u00e9s si les pratiquants disposent de leur mat\u00e9riel).<\/li>\n<\/ul>\n","protected":false},"excerpt":{"rendered":"<p>D\u00e9couvrez le t\u00e9l\u00e9ski en kneeboard ou en ski nautique, pour 5\u20ac !<\/p>\n<p>1 r\u00e9servation par personne.<\/p>\n<p>Sessions de 30 minutes sur l&#8217;eau<\/p>\n<p>&nbsp;<\/p>\n","protected":false},"featured_media":55765,"comment_status":"open","ping_status":"closed","template":"","meta":[],"product_brand":[],"product_cat":[44],"product_tag":[],"class_list":{"0":"post-85967","1":"product","2":"type-product","3":"status-publish","4":"has-post-thumbnail","6":"product_cat-mois-de-la-glisse","8":"first","9":"instock","10":"virtual","11":"taxable","12":"purchasable","13":"product-type-appointment"},"_links":{"self":[{"href":"https:\/\/cergy-pontoise.iledeloisirs.fr\/boutique\/wp-json\/wp\/v2\/product\/85967","targetHints":{"allow":["GET"]}}],"collection":[{"href":"https:\/\/cergy-pontoise.iledeloisirs.fr\/boutique\/wp-json\/wp\/v2\/product"}],"about":[{"href":"https:\/\/cergy-pontoise.iledeloisirs.fr\/boutique\/wp-json\/wp\/v2\/types\/product"}],"replies":[{"embeddable":true,"href":"https:\/\/cergy-pontoise.iledeloisirs.fr\/boutique\/wp-json\/wp\/v2\/comments?post=85967"}],"wp:featuredmedia":[{"embeddable":true,"href":"https:\/\/cergy-pontoise.iledeloisirs.fr\/boutique\/wp-json\/wp\/v2\/media\/55765"}],"wp:attachment":[{"href":"https:\/\/cergy-pontoise.iledeloisirs.fr\/boutique\/wp-json\/wp\/v2\/media?parent=85967"}],"wp:term":[{"taxonomy":"product_brand","embeddable":true,"href":"https:\/\/cergy-pontoise.iledeloisirs.fr\/boutique\/wp-json\/wp\/v2\/product_brand?post=85967"},{"taxonomy":"product_cat","embeddable":true,"href":"https:\/\/cergy-pontoise.iledeloisirs.fr\/boutique\/wp-json\/wp\/v2\/product_cat?post=85967"},{"taxonomy":"product_tag","embeddable":true,"href":"https:\/\/cergy-pontoise.iledeloisirs.fr\/boutique\/wp-json\/wp\/v2\/product_tag?post=85967"}],"curies":[{"name":"wp","href":"https:\/\/api.w.org\/{rel}","templated":true}]}}