{"id":85970,"date":"2024-01-18T09:56:35","date_gmt":"2024-01-18T08:56:35","guid":{"rendered":"https:\/\/cergy-pontoise.iledeloisirs.fr\/boutique\/?post_type=product&#038;p=85970"},"modified":"2026-04-10T11:34:29","modified_gmt":"2026-04-10T09:34:29","slug":"25-mai-rafting","status":"publish","type":"product","link":"https:\/\/cergy-pontoise.iledeloisirs.fr\/boutique\/produit\/25-mai-rafting\/","title":{"rendered":"30 mai : rafting"},"content":{"rendered":"<p><strong>Le mois de la glisse !<\/strong><\/p>\n<p>Pour la quatri\u00e8me ann\u00e9e cons\u00e9cutive, retrouvez une activit\u00e9 nautique \u00e0 un tarif exceptionnel sur 4 samedis au mois de<br \/>\nmai !<br \/>\nRafting, kayak, t\u00e9l\u00e9ski, paddle et vague \u00e0 surf n\u2019auront plus de secret pour vous gr\u00e2ce \u00e0 leur prix tout doux*.<br \/>\n1 activit\u00e9 pour le prix de 5 euros selon un calendrier pr\u00e9cis :<br \/>\n&#8211; le 9 mai : kayak et paddle<br \/>\n&#8211; le 16 mai : vague \u00e0 surf<br \/>\n&#8211; le 23 mai : t\u00e9l\u00e9ski<br \/>\n&#8211; le 30 mai : rafting<br \/>\nL\u2019acc\u00e8s \u00e0 ces activit\u00e9s est conditionn\u00e9 par l\u2019achat d\u2019un billet sur la boutique en ligne.<\/p>\n<p><strong>Le rafting :<\/strong><\/p>\n<ul>\n<li>30 minutes : explications sur les r\u00e8gles de fonctionnement et de s\u00e9curit\u00e9, \u00e9quipement.<\/li>\n<li>30 minutes : pratique du rafting jusqu&#8217;\u00e0 6 personnes dans un m\u00eame raft.<\/li>\n<\/ul>\n<p><strong><u>Conditions \u00e0 valider\u00a0:<\/u><\/strong><\/p>\n<ol data-listchain=\"__List_Chain_175\">\n<li>J\u2019ai 10 ans ou plus<\/li>\n<li>Je sais nager 25 m\u00e8tres (brevet de natation obligatoire pour les mineurs, \u00e0 pr\u00e9senter sur place au format papier )<\/li>\n<li>Je pr\u00e9vois des chaussures ferm\u00e9es, obligatoires pour la pratique<\/li>\n<li>Je pr\u00e9vois 1 adulte pour 3 mineurs par embarcation<\/li>\n<\/ol>\n<p>Le rafting est une activit\u00e9 engageante, pour la pratiquer vous devez \u00eatre en bonne sant\u00e9\u00a0et n&#8217;\u00eatre affect\u00e9 d&#8217;aucun trouble physique (troubles cardiaques, dos, colonne vert\u00e9brale&#8230;)<\/p>\n<p>Activit\u00e9 fortement d\u00e9conseill\u00e9e aux femmes enceintes.<\/p>\n<p>Tenue autoris\u00e9e : maillot de bain ou combinaison n\u00e9opr\u00e8ne. Les combinaisons ne sont pas fournies par l&#8217;\u00cele de loisirs.<\/p>\n<p><strong>Pr\u00e9sentez vous \u00e0 l\u2019activit\u00e9 15 minutes avant votre session, les d\u00e9parts ne pourront pas \u00eatre diff\u00e9r\u00e9s.<\/strong><\/p>\n","protected":false},"excerpt":{"rendered":"<p>D\u00e9couvrez le t\u00e9l\u00e9ski en kneeboard ou en ski nautique, pour 5\u20ac !<\/p>\n<p>1 r\u00e9servation par personne.<\/p>\n<p>Sessions de 30 minutes sur l&#8217;eau<\/p>\n","protected":false},"featured_media":55781,"comment_status":"open","ping_status":"closed","template":"","meta":[],"product_brand":[],"product_cat":[44],"product_tag":[],"class_list":{"0":"post-85970","1":"product","2":"type-product","3":"status-publish","4":"has-post-thumbnail","6":"product_cat-mois-de-la-glisse","8":"first","9":"instock","10":"virtual","11":"taxable","12":"purchasable","13":"product-type-appointment"},"_links":{"self":[{"href":"https:\/\/cergy-pontoise.iledeloisirs.fr\/boutique\/wp-json\/wp\/v2\/product\/85970","targetHints":{"allow":["GET"]}}],"collection":[{"href":"https:\/\/cergy-pontoise.iledeloisirs.fr\/boutique\/wp-json\/wp\/v2\/product"}],"about":[{"href":"https:\/\/cergy-pontoise.iledeloisirs.fr\/boutique\/wp-json\/wp\/v2\/types\/product"}],"replies":[{"embeddable":true,"href":"https:\/\/cergy-pontoise.iledeloisirs.fr\/boutique\/wp-json\/wp\/v2\/comments?post=85970"}],"wp:featuredmedia":[{"embeddable":true,"href":"https:\/\/cergy-pontoise.iledeloisirs.fr\/boutique\/wp-json\/wp\/v2\/media\/55781"}],"wp:attachment":[{"href":"https:\/\/cergy-pontoise.iledeloisirs.fr\/boutique\/wp-json\/wp\/v2\/media?parent=85970"}],"wp:term":[{"taxonomy":"product_brand","embeddable":true,"href":"https:\/\/cergy-pontoise.iledeloisirs.fr\/boutique\/wp-json\/wp\/v2\/product_brand?post=85970"},{"taxonomy":"product_cat","embeddable":true,"href":"https:\/\/cergy-pontoise.iledeloisirs.fr\/boutique\/wp-json\/wp\/v2\/product_cat?post=85970"},{"taxonomy":"product_tag","embeddable":true,"href":"https:\/\/cergy-pontoise.iledeloisirs.fr\/boutique\/wp-json\/wp\/v2\/product_tag?post=85970"}],"curies":[{"name":"wp","href":"https:\/\/api.w.org\/{rel}","templated":true}]}}