{"id":85971,"date":"2024-01-18T09:56:38","date_gmt":"2024-01-18T08:56:38","guid":{"rendered":"https:\/\/cergy-pontoise.iledeloisirs.fr\/boutique\/?post_type=product&#038;p=85971"},"modified":"2026-04-10T11:34:05","modified_gmt":"2026-04-10T09:34:05","slug":"4-mai-vague-a-surf","status":"publish","type":"product","link":"https:\/\/cergy-pontoise.iledeloisirs.fr\/boutique\/produit\/4-mai-vague-a-surf\/","title":{"rendered":"16 mai : vague \u00e0 surf"},"content":{"rendered":"<p><strong>Le mois de la glisse !<\/strong><\/p>\n<p>Pour la quatri\u00e8me ann\u00e9e cons\u00e9cutive, retrouvez une activit\u00e9 nautique \u00e0 un tarif exceptionnel sur 4 samedis au mois de<br \/>\nmai !<br \/>\nRafting, kayak, t\u00e9l\u00e9ski, paddle et vague \u00e0 surf n\u2019auront plus de secret pour vous gr\u00e2ce \u00e0 leur prix tout doux*.<br \/>\n1 activit\u00e9 pour le prix de 5 euros selon un calendrier pr\u00e9cis :<br \/>\n&#8211; le 9 mai : kayak et paddle<br \/>\n&#8211; le 16 mai : vague \u00e0 surf<br \/>\n&#8211; le 23 mai : t\u00e9l\u00e9ski<br \/>\n&#8211; le 30 mai : rafting<br \/>\nL\u2019acc\u00e8s \u00e0 ces activit\u00e9s est conditionn\u00e9 par l\u2019achat d\u2019un billet sur la boutique en ligne.<\/p>\n<p><strong>La vague \u00e0 surf :<\/strong><\/p>\n<ul>\n<li>10 minutes d\u2019explications sur les r\u00e8gles de fonctionnement et de s\u00e9curit\u00e9. (En amont).<\/li>\n<li><strong>5<\/strong> minutes pour l\u2019\u00e9quipement et la pr\u00e9paration avant allumage.<\/li>\n<li><strong>20<\/strong> minutes de pratique sur la vague \u00e0 surf en bodyboard.<\/li>\n<li><strong>5<\/strong> minutes pour le rangement et l\u2019\u00e9vacuation.<\/li>\n<\/ul>\n<p>Le temps de pratique \u00e9tant restreint sur la vague \u00e0 surf lors du mois de la glisse, les combinaisons ne sont pas fournies, n&#8217;h\u00e9sitez pas \u00e0 venir avec votre propre \u00e9quipement de protection.<\/p>\n<p>&nbsp;<\/p>\n<p>Pr\u00e9sentez vous \u00e0 l&#8217;activit\u00e9 15 minutes avant votre session, les d\u00e9parts ne pourront pas \u00eatre diff\u00e9r\u00e9s.<\/p>\n","protected":false},"excerpt":{"rendered":"<p>D\u00e9couvrez le body board sur la vague \u00e0 surf, pour 5\u20ac !<\/p>\n<p>1 r\u00e9servation par personne et par jour maximum.<\/p>\n<p>Sessions de 20 minutes sur l&#8217;eau.<\/p>\n","protected":false},"featured_media":24399,"comment_status":"open","ping_status":"closed","template":"","meta":[],"product_brand":[],"product_cat":[44],"product_tag":[],"class_list":{"0":"post-85971","1":"product","2":"type-product","3":"status-publish","4":"has-post-thumbnail","6":"product_cat-mois-de-la-glisse","8":"first","9":"instock","10":"virtual","11":"taxable","12":"purchasable","13":"product-type-appointment"},"_links":{"self":[{"href":"https:\/\/cergy-pontoise.iledeloisirs.fr\/boutique\/wp-json\/wp\/v2\/product\/85971","targetHints":{"allow":["GET"]}}],"collection":[{"href":"https:\/\/cergy-pontoise.iledeloisirs.fr\/boutique\/wp-json\/wp\/v2\/product"}],"about":[{"href":"https:\/\/cergy-pontoise.iledeloisirs.fr\/boutique\/wp-json\/wp\/v2\/types\/product"}],"replies":[{"embeddable":true,"href":"https:\/\/cergy-pontoise.iledeloisirs.fr\/boutique\/wp-json\/wp\/v2\/comments?post=85971"}],"wp:featuredmedia":[{"embeddable":true,"href":"https:\/\/cergy-pontoise.iledeloisirs.fr\/boutique\/wp-json\/wp\/v2\/media\/24399"}],"wp:attachment":[{"href":"https:\/\/cergy-pontoise.iledeloisirs.fr\/boutique\/wp-json\/wp\/v2\/media?parent=85971"}],"wp:term":[{"taxonomy":"product_brand","embeddable":true,"href":"https:\/\/cergy-pontoise.iledeloisirs.fr\/boutique\/wp-json\/wp\/v2\/product_brand?post=85971"},{"taxonomy":"product_cat","embeddable":true,"href":"https:\/\/cergy-pontoise.iledeloisirs.fr\/boutique\/wp-json\/wp\/v2\/product_cat?post=85971"},{"taxonomy":"product_tag","embeddable":true,"href":"https:\/\/cergy-pontoise.iledeloisirs.fr\/boutique\/wp-json\/wp\/v2\/product_tag?post=85971"}],"curies":[{"name":"wp","href":"https:\/\/api.w.org\/{rel}","templated":true}]}}