{"id":87398,"date":"2024-02-22T11:04:59","date_gmt":"2024-02-22T10:04:59","guid":{"rendered":"https:\/\/cergy-pontoise.iledeloisirs.fr\/boutique\/?post_type=product&#038;p=87398"},"modified":"2026-02-03T16:38:09","modified_gmt":"2026-02-03T15:38:09","slug":"ecole-aventure-7-10-ans-15h30-a-17h30-2024-2025","status":"publish","type":"product","link":"https:\/\/cergy-pontoise.iledeloisirs.fr\/boutique\/produit\/ecole-aventure-7-10-ans-15h30-a-17h30-2024-2025\/","title":{"rendered":"Ecole aventure 7-10 ans &#8211; 10h-12h &#8211; 2025\/2026"},"content":{"rendered":"<p data-start=\"168\" data-end=\"338\"><strong data-start=\"168\" data-end=\"197\">\u00c9cole d\u2019Aventure 7-10 ans<\/strong><br data-start=\"197\" data-end=\"200\" \/>L\u2019\u00c9cole d\u2019Aventure 7-10 ans permet aux enfants de se retrouver chaque mercredi pour d\u00e9couvrir des activit\u00e9s sportives ludiques et vari\u00e9es.<\/p>\n<p data-start=\"340\" data-end=\"493\"><strong data-start=\"340\" data-end=\"363\">Programme 2025-2026<\/strong><br data-start=\"363\" data-end=\"366\" \/>\u2022 Voile<br data-start=\"373\" data-end=\"376\" \/>\u2022 Kayak<br data-start=\"383\" data-end=\"386\" \/>\u2022 VTT<br data-start=\"391\" data-end=\"394\" \/>\u2022 Tir \u00e0 l\u2019arc<br data-start=\"407\" data-end=\"410\" \/>\u2022 Escalade<br data-start=\"420\" data-end=\"423\" \/>\u2022 Course d\u2019orientation<br data-start=\"445\" data-end=\"448\" \/>\u2022 Biathlon<br data-start=\"458\" data-end=\"461\" \/>\u2022 Sports inclusifs<br data-start=\"479\" data-end=\"482\" \/>\u2022 Disc golf<\/p>\n<p data-start=\"495\" data-end=\"671\"><strong data-start=\"495\" data-end=\"521\">Informations pratiques<\/strong><br data-start=\"521\" data-end=\"524\" \/>\u2022 Horaires : 10h \u00e0 12h<br data-start=\"546\" data-end=\"549\" \/>\u2022 Fr\u00e9quence : chaque mercredi (hors jours f\u00e9ri\u00e9s et vacances scolaires)<br data-start=\"620\" data-end=\"623\" \/>\u2022 P\u00e9riode : du 17 septembre 2025 au 10 juin 2026<\/p>\n<p data-start=\"673\" data-end=\"780\"><strong data-start=\"673\" data-end=\"695\">Pour l\u2019inscription<\/strong><br data-start=\"695\" data-end=\"698\" \/>\u2022 Certificat m\u00e9dical<br data-start=\"718\" data-end=\"721\" \/>\u2022 Brevet de natation (mod\u00e8les \u00e0 t\u00e9l\u00e9charger sur cette page)<\/p>\n<p data-start=\"782\" data-end=\"1006\"><strong data-start=\"782\" data-end=\"806\">\u00c9quipement \u00e0 pr\u00e9voir<\/strong><br data-start=\"806\" data-end=\"809\" \/>\u2022 P\u00e9riode estivale : tenue de sport, affaires de bain, chaussures ferm\u00e9es pour aller dans l\u2019eau (selon les activit\u00e9s)<br data-start=\"926\" data-end=\"929\" \/>\u2022 P\u00e9riode hivernale : manteau, gants, baskets et change (selon les activit\u00e9s)<\/p>\n<p data-start=\"1008\" data-end=\"1195\"><strong data-start=\"1008\" data-end=\"1034\">S\u00e9curit\u00e9 et protection<\/strong><br data-start=\"1034\" data-end=\"1037\" \/>La protection solaire est sous la responsabilit\u00e9 des parents : cr\u00e8me solaire, casquette, top adapt\u00e9.<br data-start=\"1137\" data-end=\"1140\" \/>\u26a0\ufe0f Certaines activit\u00e9s peuvent \u00eatre expos\u00e9es au soleil.<\/p>\n","protected":false},"excerpt":{"rendered":"<p>Une ann\u00e9e d&#8217;activit\u00e9s exceptionnelles \u00e0 l&#8217;\u00cele de loisirs de Cergy-Pontoise!<\/p>\n<p>Pour vous inscrire : remplissez le formulaire ci-dessous \ud83d\ude42<\/p>\n","protected":false},"featured_media":86624,"comment_status":"open","ping_status":"closed","template":"","meta":[],"product_brand":[],"product_cat":[35],"product_tag":[],"class_list":{"0":"post-87398","1":"product","2":"type-product","3":"status-publish","4":"has-post-thumbnail","6":"product_cat-ecole-daventure-7-10-ans","8":"first","9":"instock","10":"virtual","11":"purchasable","12":"product-type-simple"},"_links":{"self":[{"href":"https:\/\/cergy-pontoise.iledeloisirs.fr\/boutique\/wp-json\/wp\/v2\/product\/87398","targetHints":{"allow":["GET"]}}],"collection":[{"href":"https:\/\/cergy-pontoise.iledeloisirs.fr\/boutique\/wp-json\/wp\/v2\/product"}],"about":[{"href":"https:\/\/cergy-pontoise.iledeloisirs.fr\/boutique\/wp-json\/wp\/v2\/types\/product"}],"replies":[{"embeddable":true,"href":"https:\/\/cergy-pontoise.iledeloisirs.fr\/boutique\/wp-json\/wp\/v2\/comments?post=87398"}],"wp:featuredmedia":[{"embeddable":true,"href":"https:\/\/cergy-pontoise.iledeloisirs.fr\/boutique\/wp-json\/wp\/v2\/media\/86624"}],"wp:attachment":[{"href":"https:\/\/cergy-pontoise.iledeloisirs.fr\/boutique\/wp-json\/wp\/v2\/media?parent=87398"}],"wp:term":[{"taxonomy":"product_brand","embeddable":true,"href":"https:\/\/cergy-pontoise.iledeloisirs.fr\/boutique\/wp-json\/wp\/v2\/product_brand?post=87398"},{"taxonomy":"product_cat","embeddable":true,"href":"https:\/\/cergy-pontoise.iledeloisirs.fr\/boutique\/wp-json\/wp\/v2\/product_cat?post=87398"},{"taxonomy":"product_tag","embeddable":true,"href":"https:\/\/cergy-pontoise.iledeloisirs.fr\/boutique\/wp-json\/wp\/v2\/product_tag?post=87398"}],"curies":[{"name":"wp","href":"https:\/\/api.w.org\/{rel}","templated":true}]}}