{"id":87400,"date":"2024-02-22T11:26:09","date_gmt":"2024-02-22T10:26:09","guid":{"rendered":"https:\/\/cergy-pontoise.iledeloisirs.fr\/boutique\/?post_type=product&#038;p=87400"},"modified":"2026-02-03T16:40:39","modified_gmt":"2026-02-03T15:40:39","slug":"ecole-aventure-11-17-ans-15h30-a-17h30-2024-2025","status":"publish","type":"product","link":"https:\/\/cergy-pontoise.iledeloisirs.fr\/boutique\/produit\/ecole-aventure-11-17-ans-15h30-a-17h30-2024-2025\/","title":{"rendered":"Ecole aventure 11-17 ans &#8211; 15h30 \u00e0 17h30 &#8211; 2025-2026"},"content":{"rendered":"<p data-start=\"128\" data-end=\"301\"><strong data-start=\"128\" data-end=\"158\">\u00c9cole d\u2019Aventure 11-17 ans<\/strong><br data-start=\"158\" data-end=\"161\" \/>L\u2019\u00c9cole d\u2019Aventure 11-17 ans permet aux jeunes de se retrouver chaque mercredi pour pratiquer des activit\u00e9s sportives originales et vari\u00e9es.<\/p>\n<p data-start=\"303\" data-end=\"468\"><strong data-start=\"303\" data-end=\"326\">Programme 2025-2026<\/strong><br data-start=\"326\" data-end=\"329\" \/>\u2022 Rafting<br data-start=\"338\" data-end=\"341\" \/>\u2022 Kayak<br data-start=\"348\" data-end=\"351\" \/>\u2022 VTT<br data-start=\"356\" data-end=\"359\" \/>\u2022 Tir \u00e0 l\u2019arc<br data-start=\"372\" data-end=\"375\" \/>\u2022 Raid multisport<br data-start=\"392\" data-end=\"395\" \/>\u2022 Course d\u2019orientation<br data-start=\"417\" data-end=\"420\" \/>\u2022 Biathlon<br data-start=\"430\" data-end=\"433\" \/>\u2022 Sports inclusifs<br data-start=\"451\" data-end=\"454\" \/>\u2022 Vague \u00e0 surf<\/p>\n<p data-start=\"470\" data-end=\"650\"><strong data-start=\"470\" data-end=\"496\">Informations pratiques<\/strong><br data-start=\"496\" data-end=\"499\" \/>\u2022 Horaires : 15h30 \u00e0 17h30<br data-start=\"525\" data-end=\"528\" \/>\u2022 Fr\u00e9quence : chaque mercredi (hors jours f\u00e9ri\u00e9s et vacances scolaires)<br data-start=\"599\" data-end=\"602\" \/>\u2022 P\u00e9riode : du 17 septembre 2025 au 10 juin 2026<\/p>\n<p data-start=\"652\" data-end=\"759\"><strong data-start=\"652\" data-end=\"674\">Pour l\u2019inscription<\/strong><br data-start=\"674\" data-end=\"677\" \/>\u2022 Certificat m\u00e9dical<br data-start=\"697\" data-end=\"700\" \/>\u2022 Brevet de natation (mod\u00e8les \u00e0 t\u00e9l\u00e9charger sur cette page)<\/p>\n<p data-start=\"761\" data-end=\"985\"><strong data-start=\"761\" data-end=\"785\">\u00c9quipement \u00e0 pr\u00e9voir<\/strong><br data-start=\"785\" data-end=\"788\" \/>\u2022 P\u00e9riode estivale : tenue de sport, affaires de bain, chaussures ferm\u00e9es pour aller dans l\u2019eau (selon les activit\u00e9s)<br data-start=\"905\" data-end=\"908\" \/>\u2022 P\u00e9riode hivernale : manteau, gants, baskets et change (selon les activit\u00e9s)<\/p>\n<p data-start=\"987\" data-end=\"1174\"><strong data-start=\"987\" data-end=\"1013\">S\u00e9curit\u00e9 et protection<\/strong><br data-start=\"1013\" data-end=\"1016\" \/>La protection solaire est sous la responsabilit\u00e9 des parents : cr\u00e8me solaire, casquette, top adapt\u00e9.<br data-start=\"1116\" data-end=\"1119\" \/>\u26a0\ufe0f Certaines activit\u00e9s peuvent \u00eatre expos\u00e9es au soleil.<\/p>\n","protected":false},"excerpt":{"rendered":"<p>Une ann\u00e9e d&#8217;activit\u00e9s exceptionnelles \u00e0 l&#8217;\u00cele de loisirs de Cergy-Pontoise!<\/p>\n<p>Pour vous inscrire : remplissez le formulaire ci-dessous \ud83d\ude42<\/p>\n","protected":false},"featured_media":171963,"comment_status":"open","ping_status":"closed","template":"","meta":[],"product_brand":[],"product_cat":[35],"product_tag":[],"class_list":{"0":"post-87400","1":"product","2":"type-product","3":"status-publish","4":"has-post-thumbnail","6":"product_cat-ecole-daventure-7-10-ans","8":"first","9":"instock","10":"virtual","11":"purchasable","12":"product-type-simple"},"_links":{"self":[{"href":"https:\/\/cergy-pontoise.iledeloisirs.fr\/boutique\/wp-json\/wp\/v2\/product\/87400","targetHints":{"allow":["GET"]}}],"collection":[{"href":"https:\/\/cergy-pontoise.iledeloisirs.fr\/boutique\/wp-json\/wp\/v2\/product"}],"about":[{"href":"https:\/\/cergy-pontoise.iledeloisirs.fr\/boutique\/wp-json\/wp\/v2\/types\/product"}],"replies":[{"embeddable":true,"href":"https:\/\/cergy-pontoise.iledeloisirs.fr\/boutique\/wp-json\/wp\/v2\/comments?post=87400"}],"wp:featuredmedia":[{"embeddable":true,"href":"https:\/\/cergy-pontoise.iledeloisirs.fr\/boutique\/wp-json\/wp\/v2\/media\/171963"}],"wp:attachment":[{"href":"https:\/\/cergy-pontoise.iledeloisirs.fr\/boutique\/wp-json\/wp\/v2\/media?parent=87400"}],"wp:term":[{"taxonomy":"product_brand","embeddable":true,"href":"https:\/\/cergy-pontoise.iledeloisirs.fr\/boutique\/wp-json\/wp\/v2\/product_brand?post=87400"},{"taxonomy":"product_cat","embeddable":true,"href":"https:\/\/cergy-pontoise.iledeloisirs.fr\/boutique\/wp-json\/wp\/v2\/product_cat?post=87400"},{"taxonomy":"product_tag","embeddable":true,"href":"https:\/\/cergy-pontoise.iledeloisirs.fr\/boutique\/wp-json\/wp\/v2\/product_tag?post=87400"}],"curies":[{"name":"wp","href":"https:\/\/api.w.org\/{rel}","templated":true}]}}